{"id":10,"date":"2016-05-14T14:19:26","date_gmt":"2016-05-14T14:19:26","guid":{"rendered":"http:\/\/www.fqedar.com\/?page_id=10"},"modified":"2020-03-17T17:15:59","modified_gmt":"2020-03-17T17:15:59","slug":"servicios","status":"publish","type":"page","link":"https:\/\/www.fqedar.com\/?page_id=10","title":{"rendered":"Servicios"},"content":{"rendered":"<p style=\"text-align: justify;\">Los principales servicios que ofrecemos est\u00e1n destinados para el tratamiento de aguas residuales, aguas potables y la gesti\u00f3n de lodos dirigiendo nuestros esfuerzos hacia las EDAR tanto urbanas como industriales.<\/p>\n<p style=\"text-align: justify;\">As\u00ed pues abarcamos un conjunto global de servicios integrales para la optimizaci\u00f3n de los procesos de depuraci\u00f3n con asesoramiento personalizado a las particularidades de cada industria.<\/p>\n<ol>\n<li><span style=\"color: #000000;\"><a style=\"color: #000000;\" href=\"https:\/\/www.fqedar.com\/servicios\/analisis-fisicoquimicos\/\"><strong>An\u00e1lisis fisicoqu\u00edmicos<\/strong><\/a>.<\/span><\/li>\n<li><span style=\"color: #000000;\"><a style=\"color: #000000;\" href=\"https:\/\/www.fqedar.com\/servicios\/analisis-microbiologicos\/\"><strong>An\u00e1lisis microbiol\u00f3gicos<\/strong><\/a>.<\/span><\/li>\n<li><span style=\"color: #000000;\"><a style=\"color: #000000;\" href=\"https:\/\/www.fqedar.com\/servicios\/asesoria-medioambiental\/\"><strong>Asesor\u00eda medioambiental<\/strong><\/a>.<\/span><\/li>\n<li><span style=\"color: #000000;\"><strong><a style=\"color: #000000;\" href=\"https:\/\/www.fqedar.com\/servicios\/asistencias-personalizadas-a-plantas-depuradoras-e-industrias\/\">Asistencias personalizadas a plantas depuradoras e industrias<\/a><\/strong>.<\/span><\/li>\n<li><span style=\"color: #000000;\"><a style=\"color: #000000;\" href=\"https:\/\/www.fqedar.com\/servicios\/determinacion-de-mhea\/\"><strong>Determinaci\u00f3n de MHEA<\/strong><\/a>.<\/span><\/li>\n<li><span style=\"color: #000000;\"><a style=\"color: #000000;\" href=\"https:\/\/www.fqedar.com\/servicios\/diseno-del-proceso-de-edar\/\"><strong>Dise\u00f1o del proceso de EDAR<\/strong><\/a>.<\/span><\/li>\n<li><span style=\"color: #000000;\"><a style=\"color: #000000;\" href=\"https:\/\/www.fqedar.com\/servicios\/estudios-de-bioindicacion\/\"><strong>Estudios de bioindicaci\u00f3n<\/strong><\/a>.<\/span><\/li>\n<li><span style=\"color: #000000;\"><strong><a style=\"color: #000000;\" href=\"https:\/\/www.fqedar.com\/servicios\/estudios-respirometricos\/\">Estudios respirom\u00e9tricos<\/a><\/strong>.<\/span><\/li>\n<li><span style=\"color: #000000;\"><a style=\"color: #000000;\" href=\"https:\/\/www.fqedar.com\/servicios\/formacion-especifica\/\"><strong>Formaci\u00f3n espec\u00edfica<\/strong><\/a>.<\/span><\/li>\n<li><span style=\"color: #000000;\"><a style=\"color: #000000;\" href=\"https:\/\/www.fqedar.com\/servicios\/muestreos-en-edar-ptar-y-puntos-de-control\/\"><strong>Muestreos en EDAR, PTAR y puntos de control<\/strong><\/a>.<\/span><\/li>\n<li><strong><a href=\"https:\/\/www.fqedar.com\/servicios\/programas-de-idi\/\"><span style=\"color: #000000;\">Programas de I+D+i<\/span><\/a><\/strong><span style=\"color: #000000;\">.<\/span><\/li>\n<li><span style=\"color: #000000;\"><strong><a style=\"color: #000000;\" href=\"https:\/\/www.fqedar.com\/servicios\/simulacion-del-proceso-optimo-de-edar\/\">Simulaci\u00f3n del proceso \u00f3ptimo de EDAR<\/a><\/strong>.<\/span><\/li>\n<\/ol>\n<p><img loading=\"lazy\" decoding=\"async\" class=\"aligncenter wp-image-633 size-medium\" title=\"Servicios en el ciclo integral del agua.\" src=\"https:\/\/www.fqedar.com\/wp-content\/uploads\/2020\/01\/00-300x200.jpg\" alt=\"Servicios en el ciclo integral del agua.\" width=\"300\" height=\"200\" srcset=\"https:\/\/www.fqedar.com\/wp-content\/uploads\/2020\/01\/00-300x200.jpg 300w, https:\/\/www.fqedar.com\/wp-content\/uploads\/2020\/01\/00-1024x683.jpg 1024w, https:\/\/www.fqedar.com\/wp-content\/uploads\/2020\/01\/00-768x512.jpg 768w, https:\/\/www.fqedar.com\/wp-content\/uploads\/2020\/01\/00-1536x1024.jpg 1536w, https:\/\/www.fqedar.com\/wp-content\/uploads\/2020\/01\/00-750x500.jpg 750w, https:\/\/www.fqedar.com\/wp-content\/uploads\/2020\/01\/00-400x267.jpg 400w, https:\/\/www.fqedar.com\/wp-content\/uploads\/2020\/01\/00-430x287.jpg 430w, https:\/\/www.fqedar.com\/wp-content\/uploads\/2020\/01\/00-150x100.jpg 150w, https:\/\/www.fqedar.com\/wp-content\/uploads\/2020\/01\/00-100x67.jpg 100w, https:\/\/www.fqedar.com\/wp-content\/uploads\/2020\/01\/00-272x182.jpg 272w, https:\/\/www.fqedar.com\/wp-content\/uploads\/2020\/01\/00.jpg 1920w\" sizes=\"auto, (max-width: 300px) 100vw, 300px\" \/><\/p>\n","protected":false},"excerpt":{"rendered":"<p>Los principales servicios que ofrecemos est\u00e1n destinados para el tratamiento de aguas residuales, aguas potables y la gesti\u00f3n de lodos dirigiendo nuestros esfuerzos hacia las EDAR tanto urbanas como industriales. As\u00ed pues abarcamos un conjunto global de servicios integrales para la optimizaci\u00f3n de los procesos de depuraci\u00f3n con asesoramiento personalizado [&hellip;]<\/p>\n","protected":false},"author":1,"featured_media":0,"parent":0,"menu_order":3,"comment_status":"closed","ping_status":"closed","template":"","meta":{"footnotes":""},"class_list":["post-10","page","type-page","status-publish","hentry"],"_links":{"self":[{"href":"https:\/\/www.fqedar.com\/index.php?rest_route=\/wp\/v2\/pages\/10","targetHints":{"allow":["GET"]}}],"collection":[{"href":"https:\/\/www.fqedar.com\/index.php?rest_route=\/wp\/v2\/pages"}],"about":[{"href":"https:\/\/www.fqedar.com\/index.php?rest_route=\/wp\/v2\/types\/page"}],"author":[{"embeddable":true,"href":"https:\/\/www.fqedar.com\/index.php?rest_route=\/wp\/v2\/users\/1"}],"replies":[{"embeddable":true,"href":"https:\/\/www.fqedar.com\/index.php?rest_route=%2Fwp%2Fv2%2Fcomments&post=10"}],"version-history":[{"count":19,"href":"https:\/\/www.fqedar.com\/index.php?rest_route=\/wp\/v2\/pages\/10\/revisions"}],"predecessor-version":[{"id":680,"href":"https:\/\/www.fqedar.com\/index.php?rest_route=\/wp\/v2\/pages\/10\/revisions\/680"}],"wp:attachment":[{"href":"https:\/\/www.fqedar.com\/index.php?rest_route=%2Fwp%2Fv2%2Fmedia&parent=10"}],"curies":[{"name":"wp","href":"https:\/\/api.w.org\/{rel}","templated":true}]}}