{"id":16,"date":"2016-05-14T14:19:57","date_gmt":"2016-05-14T12:19:57","guid":{"rendered":"http:\/\/www.fqedar.com\/?page_id=16"},"modified":"2022-01-31T23:51:12","modified_gmt":"2022-01-31T22:51:12","slug":"fq-edar","status":"publish","type":"page","link":"https:\/\/www.fqedar.com\/?page_id=16","title":{"rendered":"Quienes somos"},"content":{"rendered":"<h4><span style=\"color: #000000;\">PERFIL DE EMPRESA.<\/span><\/h4>\n<p><span style=\"color: #000000;\">Proximamente. En actualizaci\u00f3n en base al nuevo Plan de Reestructuraci\u00f3n Empresarial.<\/span><\/p>\n<ul>\n<li><span style=\"color: #000000;\">Memoria de Responsabilidad Social Corporativa.<\/span><\/li>\n<li><span style=\"color: #000000;\">Memoria de Sostenibilidad.<\/span><\/li>\n<\/ul>\n<p>&nbsp;<\/p>\n<h4><span style=\"color: #000000;\">PERFIL DE I+D+i.<\/span><\/h4>\n<p style=\"text-align: justify;\"><span style=\"color: #000000;\">Trabajos finales de grado (TFG) y Proyectos finales de carrera (PFC), (Direcci\u00f3n):<\/span><\/p>\n<ul style=\"text-align: justify;\">\n<li><span style=\"color: #000000;\"><em>Influence of Glyphosate in activated sludge with the determination of enzymatic activities and the characterization of wastewatter effluent<\/em>. Instituto Universitario de Investigaci\u00f3n de Ingenier\u00eda del Agua y Medio Ambiente. Universitat Polit\u00e8cnica de Val\u00e8ncia. (Fecha pendiente).<\/span><\/li>\n<li style=\"text-align: justify;\"><span style=\"color: #000000;\"><em>Determination of enzymatic activity in pure strains of microorganisms<\/em>. Moindjie Nakid Ali. Universit\u00e9 Paris-Sud &#8211; Instituto Universitario de Investigaci\u00f3n de Ingenier\u00eda del Agua y Medio Ambiente. Universitat Polit\u00e8cnica de Val\u00e8ncia. 28 de junio de 2019.<\/span><\/li>\n<li style=\"text-align: justify;\"><span style=\"color: #000000;\"><em>Dise\u00f1o de una instalaci\u00f3n de membranas para la reutilizaci\u00f3n de aguas residuales en procesos de acabado textil<\/em>. Dunia \u00dabeda Giner. Escuela T\u00e9cnica Superior de Ingenier\u00eda Industrial. Universitat Polit\u00e8cnica de Val\u00e8ncia. 15 de septiembre de 2017.<\/span><\/li>\n<li style=\"text-align: justify;\"><span style=\"color: #000000;\"><em>Determination of intermediate sustrates in enzymatic activities in activated sludge<\/em>. Ambroise de Francqueville. Universit\u00e9 Paris-Sud &#8211; Instituto Universitario de Investigaci\u00f3n de Ingenier\u00eda del Agua y Medio Ambiente. Universitat Polit\u00e8cnica de Val\u00e8ncia. 28 de junio de 2017.<\/span><\/li>\n<li style=\"text-align: justify;\"><span style=\"color: #000000;\"><em>Determination of urease enzymatic activity in activated sludge<\/em>. Temel M\u00fcge Ece. Universit\u00e9 Paris-Sud &#8211; Instituto Universitario de Investigaci\u00f3n de Ingenier\u00eda del Agua y Medio Ambiente. Universitat Polit\u00e8cnica de Val\u00e8ncia. 28 de junio de 2017.<\/span><\/li>\n<\/ul>\n<p style=\"text-align: justify;\"><span style=\"color: #000000;\">Art\u00edculos, (Publicaci\u00f3n):<\/span><\/p>\n<ul style=\"text-align: justify;\">\n<li><span style=\"color: #000000;\">Ferrer-Polonio, E. Fern\u00e1ndez-Navarro, J. Mendoza-Roca, J.A. Bes-Pi\u00e1, M.A. Alonso, J.L. 2022. <em>Effect of 4-nonylphenol on the performance and microbial community of a sequencing batch reactor<\/em>. Journal of Environmental Chemical Engineering. 10 (2). 107249. <a style=\"color: #000000;\" href=\"https:\/\/doi.org\/10.1016\/j.jece.2022.107249\" target=\"_blank\" rel=\"noopener\">https:\/\/doi.org\/10.1016\/j.jece.2022.107249<\/a><\/span><\/li>\n<li><span style=\"color: #000000;\">Ferrer-Polonio, E. Bretas-Alvim, C. Fern\u00e1ndez-Navarro, J. Momp\u00f3-Curell, R. Mendoza-Roca, J.A. Bes-Pi\u00e1, M.A. Alonso, J.L. Amor\u00f3s, I. 2021. <em>Influence of bisphenol A occurrence in wastewaters on biomass characteristics and activated sludge process performance<\/em>. Science of The Total Environment. 778. 146355.<br \/>\n<a style=\"color: #000000;\" href=\"https:\/\/doi.org\/10.1016\/j.scitotenv.2021.146355\" target=\"_blank\" rel=\"noopener noreferrer\">https:\/\/doi.org\/10.1016\/j.scitotenv.2021.146355<\/a>.<\/span><\/li>\n<li><span style=\"color: #000000;\">Bretas-Alvim, C. Castelluccio, S. Ferrer-Polonio, E. Bes-Pi\u00e1, M.A. Mendoza-Roca, J.A. Fern\u00e1ndez-Navarro, J. Alonso, J.L. Amor\u00f3s, I. 2020. <em>Effect of polyethylene microplastics on activated sludge process \u2013 accumulation in the sludge and influence on the process and on biomass characteristics<\/em>. Process Safety and Environmental Protection. 148. 536-547.<br \/>\n<a style=\"color: #000000;\" href=\"https:\/\/doi.org\/10.1016\/j.psep.2020.10.014\" target=\"_blank\" rel=\"noopener noreferrer\">https:\/\/doi.org\/10.1016\/j.psep.2020.10.014<\/a>.<\/span><\/li>\n<li><span style=\"color: #000000;\">Ferrer-Polonio, E. Fern\u00e1ndez-Navarro, J. Iborra-Clar, M.I. Alcaina-Miranda, M.I. Mendoza-Roca, J.A. 2020. <em>Removal of pharmaceutical compounds commonly-found in wastewater through a hybrid biological and adsorption process<\/em>. Journal of Environmental Management. 263. 110368.<br \/>\n<a style=\"color: #000000;\" href=\"https:\/\/doi.org\/10.1016\/j.jenvman.2020.110368\" target=\"_blank\" rel=\"noopener noreferrer\">https:\/\/doi.org\/10.1016\/j.jenvman.2020.110368<\/a>.<\/span><\/li>\n<li style=\"text-align: justify;\"><span style=\"color: #000000;\">Ferrer-Polonio, E. Fern\u00e1ndez-Navarro, J. Alonso-Molina, J.L. Bes-Pi\u00e1, A. Amor\u00f3s, I. Mendoza-Roca, J.A. 2019. <em>Changes in the process performance and microbial community by addition of the metabolic uncoupler 3,3\u2032,4\u2032,5-tetrachlorosalicylanilide in sequencing batch reacto<span style=\"color: #000000;\">rs<\/span><\/em>. Science of the Total Environment. 694. 133726.<br \/>\n<a style=\"color: #000000;\" href=\"https:\/\/doi.org\/10.1016\/j.scitotenv.2019.133726\" target=\"_blank\" rel=\"noopener noreferrer\">https:\/\/doi.org\/10.1016\/j.scitotenv.2019.133726<\/a>.<\/span><\/li>\n<li style=\"text-align: justify;\"><span style=\"color: #000000;\">Ferrer-Polonio, E. Fern\u00e1ndez-Navarro, J. Alonso-Molina, J.L. Mendoza-Roca, J.A. Bes-Pi\u00e1, A. Amor\u00f3s, I. 2019. <em><span style=\"color: #000000;\">Towards a cleaner wastewater treatment: Influence of folic acid addition on sludge reduction and biomass characteristics<\/span><\/em>. Journal of Cleaner Production. 232. 858-866.<br \/>\n<a style=\"color: #000000;\" href=\"https:\/\/doi.org\/10.1016\/j.jclepro.2019.06.021\" target=\"_blank\" rel=\"noopener noreferrer\">https:\/\/doi.org\/10.1016\/j.jclepro.2019.06.021<\/a>.<\/span><\/li>\n<li style=\"text-align: justify;\"><span style=\"color: #000000;\">Ferrer-Polonio, E. Fern\u00e1ndez-Navarro, J. Alonso-Molina, J.L. Bes-Pi\u00e1, A. Mendoza-Roca, J.A. 2018. <em><span style=\"color: #000000;\">Influence of organic matter type in wastewater on soluble micro<\/span>bial products production and on further ultrafiltration<\/em>. Journal of Chemical Technology and Biotechnology. 93 (11). 3284-3291.<br \/>\n<a style=\"color: #000000;\" href=\"https:\/\/doi.org\/10.1002\/jctb.5689\" target=\"_blank\" rel=\"noopener noreferrer\">https:\/\/doi.org\/10.1002\/jctb.5689<\/a>.<\/span><\/li>\n<li style=\"text-align: justify;\"><span style=\"color: #000000;\">Luj\u00e1n-Facundo, M.J. Fern\u00e1ndez-Navarro, J. Alonso-Molina, J.L. Amor\u00f3s-Mu\u00f1oz, I. Moreno, Y. Mendoza-Roca, J.A. Pastor-Alca\u00f1iz, L. 2018. <em>The role of salinity on the changes of the biomass characteristics and on the perfor<span style=\"color: #000000;\">mance of an OMBR treating tannery wastewater<\/span><\/em>. Water Research. 142. 129-137.<br \/>\n<a style=\"color: #000000;\" href=\"https:\/\/doi.org\/10.1016\/j.watres.2018.05.046\" target=\"_blank\" rel=\"noopener noreferrer\">https:\/\/doi.org\/10.1016\/j.watres.2018.05.046<\/a>.<\/span><\/li>\n<li style=\"text-align: justify;\"><span style=\"color: #000000;\">Ferrer-Polonio, E. Fern\u00e1ndez-Navarro, J. Alonso-Molina, J.L. Amor\u00f3s-Mu\u00f1oz, I. Bes-Pi\u00e1, A. Mendoza-Roca, J.A. 2017. <em>Changes in the process performance, sludge production and microbial activity in an activated sludge reactor with addition of a metabolic uncoupler under different o<span style=\"color: #000000;\">perating conditions<\/span><\/em>. Journal of Environmental Management. 203. 349-357.<br \/>\n<a style=\"color: #000000;\" href=\"https:\/\/doi.org\/10.1016\/j.jenvman.2017.08.009\" target=\"_blank\" rel=\"noopener noreferrer\">https:\/\/doi.org\/10.1016\/j.jenvman.2017.08.009<\/a>.<\/span><\/li>\n<li style=\"text-align: justify;\"><span style=\"color: #000000;\">Jos\u00e9 Luis Alonso, Yolanda Moreno, Elena Zuriaga, Laura Moreno-Mesonero, Inmaculada Amor\u00f3s, Juli\u00e1n Fern\u00e1ndez-Navarro, Jos\u00e9 Antonio Mendoza, Amparo Bes, Cristina Alv\u00e1rez, Eduardo Fern\u00e1ndez. 2016. <em>Estudio de los problemas de bioensuciamiento de membranas y espumas de origen biol\u00f3gico en sistemas MBR de tratamiento de lixiviados<\/em>. Revista T\u00e9cnica de Medio Ambiente. 193. 18-26.<\/span><\/li>\n<\/ul>\n<p style=\"text-align: justify;\"><span style=\"color: #000000;\">Congresos, (Participaci\u00f3n):<\/span><\/p>\n<ul style=\"text-align: justify;\">\n<li><span style=\"color: #000000;\">Alonso, J.L. Amor\u00f3s, I. Fern\u00e1ndez-Navarro, J. Ferrer-Polonio, E. Bes-P\u00eda, A. Mendoza-Roca, J.A. <em>Effect of polyethylene and plastic additive stabilisers on viability, enzymatic activity and microbial community composition of sequencing batch reactor<\/em>. CLEAR 2020. The 5th International Conference on Contaminated Land, Ecological Assessment and Remediation. 9-11 de junio de 2021.<\/span><\/li>\n<li><span style=\"color: #000000;\">Soler-Cabezas, J.L. Fern\u00e1ndez-Navarro, J. Benites-Zelaya, A.A. Ferrer-Polonio, E. Vicent-Vela, M.C. Mendoza-Roca, J.A. <em>Behavior of the soluble microbial products in the fractionation of the effluent organic matter (efom) in view of a further reclamation process<\/em>. 3rd ANQUE-ICCE International Congress of Chemical Engineering. 20 de junio de 2019.<\/span><\/li>\n<li><span style=\"color: #000000;\">Alonso, J.L. Fern\u00e1ndez-Navarro, J. Moreno-Mesonero, L. Zuriaga-Agust\u00ed, E. Mendoza-Roca,J.A. Moreno,Y. \u00c1lvarez-Requena, C. <em>Comparison of bacterial communities of activated sludge and membrane biofilm of MBRs treating landfill leachates<\/em>. Euromembrane 2018. 13 de julio de 2018.<\/span><\/li>\n<li><span style=\"color: #000000;\">Alonso, J.L. P\u00e9rez, R. Amor\u00f3s, I. Fern\u00e1ndez-Navarro, J. Ferrer-Polonio, E. Mendoza-Roca, J.A. <em>Study of bacterial population dynamics in sequence batch reactors under different operating conditions in the presence of a metabolic uncoupler, 3,3&#8242;,4&#8242;,5-tetrachlorosalicylanilide (TCS)<\/em>. CEST 2017. 15th International Conference on Environmental Science And Technology. 01 de septiembre de 2017.<\/span><\/li>\n<li><span style=\"color: #000000;\">Amor\u00f3s, I. Fern\u00e0ndez-Navarro, J. Alonso, J.L. Ferrer Polonio, E. Mendoza-Roca, J.A. <em>Measurement of ATP, cell viability and enzymatic activities in sequence batch reactors after addition of a metabolic uncoupler, 3,3&#8242;,4&#8242;,5-tetrachlorosalicylanilide (TCS)<\/em>. CEST 2017. 15th International Conference on Environmental Science And Technology. 01 de septiembre de 2017.<\/span><\/li>\n<li><span style=\"color: #000000;\">Fern\u00e1ndez-Navarro, J. Moreno-Mesonero, L. Zornoza, A. Amor\u00f3s, I. Alonso, J.L. Mu\u00f1agorri, F. \u00c1lvarez, C. <em>Study of enzymatic activities and bacterial communities in two full-scale MBR plants treating wastewaters from municipal solid wastes<\/em>. FEMS 2017. 7th congress of european microbiologists. 10 de julio de 2017.<\/span><\/li>\n<li><span style=\"color: #000000;\">Fern\u00e1ndez-Navarro, J. Ferrer-Polonio, E. Amor\u00f3s, I. Alonso, J.L. Mendoza-Roca, J.A. <em>Microbial hydrolytic enzymatic activities in four pilot-scale SBR experimental plants under addition of a metabolic uncoupler<\/em>. FEMS 2017. 7th congress of european microbiologists. 10 de julio de 2017.<\/span><\/li>\n<li><span style=\"color: #000000;\">Barbarroja, P. Moreno-Mesonero, L. Zornoza, A. Fern\u00e1ndez-Navarro, J. Alonso, J.L. Mu\u00f1agorri, F. Garc\u00eda, C. \u00c1lvarez, C. <em>Comparison of nitrifying microbial communities of two full-scale membrane bioreactors treating wastewaters from municipal solid wastes using 16S rDNA gene amplicon sequencing<\/em>. FEMS 2017. 7th congress of european microbiologists. 10 de julio de 2017.<\/span><\/li>\n<\/ul>\n<p style=\"text-align: justify;\"><span style=\"color: #000000;\">Proyectos de I+D+i, (Colaboraci\u00f3n):<\/span><\/p>\n<ul>\n<li style=\"text-align: justify;\"><span style=\"color: #000000;\"><em>Regeneraci\u00f3n de aguas con tecnolog\u00edas Inkjet aplicada a membranas cer\u00e1micas de bajo coste CEMINK<\/em>. Agencia Estatal de Investigaci\u00f3n y confinanciado con fondos FEDER. Universitat Polit\u00e8cnica de Val\u00e8ncia.<\/span><\/li>\n<li style=\"text-align: justify;\"><span style=\"color: #000000;\"><em>Separaci\u00f3n y caracterizaci\u00f3n de micropl\u00e1sticos y otras fracciones coloidales y disueltas de la materia org\u00e1nica<\/em>. Generalitat Valenciana. Universitat Polit\u00e8cnica de Val\u00e8ncia.<\/span><\/li>\n<li style=\"text-align: justify;\"><span style=\"color: #000000;\"><em>Reutilizaci\u00f3n de las aguas provenientes del proceso de acabado textil mediante tecnolog\u00edas de membrana<\/em>. Jeanolog\u00eda S.L. Universitat Polit\u00e8cnica de Val\u00e8ncia.<\/span><\/li>\n<li style=\"text-align: justify;\"><span style=\"color: #000000;\"><em>Estudio integral de los sistemas MBR en el tratamiento de lixiviados para optimizar el proceso y resolver problemas de foaming y bioensuciamiento de membranas<\/em>. Urbaser S.A. Universitat Polit\u00e8cnica de Val\u00e8ncia.<\/span><\/li>\n<li style=\"text-align: justify;\"><span style=\"color: #000000;\"><em>Gesti\u00f3n integral para la eliminaci\u00f3n de contaminantes persistentes (COPS) en efluentes procedentes de una EDAR<\/em>. Generalitat Valenciana. Universitat Polit\u00e8cnica de Val\u00e8ncia.<\/span><\/li>\n<li style=\"text-align: justify;\"><span style=\"color: #000000;\"><em>Disminuci\u00f3n del ensuciamiento de membranas de ultrafiltraci\u00f3n en bioreactores y en tratamientos terciarios mediante reducci\u00f3n de sustancias polim\u00e9ricas extracelulares<\/em>. Ministerio de Econom\u00eda y Competitividad. Universitat Polit\u00e8cnica de Val\u00e8ncia.<\/span><\/li>\n<li style=\"text-align: justify;\"><span style=\"color: #000000;\"><em>Desarrollo de un proceso de biorreactor de membranas para gesti\u00f3n de efluentes salinos<\/em>. Ministerio de Econom\u00eda y Competitividad. Universitat Polit\u00e8cnica de Val\u00e8ncia.<\/span><\/li>\n<li style=\"text-align: justify;\"><span style=\"color: #000000;\"><em>Estudio de la influencia de sulfitos en la depuraci\u00f3n de agua residual mediante reactores biol\u00f3gicos secuenciales<\/em>. Instituto Universitario de Seguridad Industrial, Radiof\u00edsica y Medioambiental. Universitat Polit\u00e8cnica de Val\u00e8ncia.<\/span><\/li>\n<\/ul>\n","protected":false},"excerpt":{"rendered":"<p>PERFIL DE EMPRESA. Proximamente. En actualizaci\u00f3n en base al nuevo Plan de Reestructuraci\u00f3n Empresarial. Memoria de Responsabilidad Social Corporativa. Memoria de Sostenibilidad. &nbsp; PERFIL DE I+D+i. Trabajos finales de grado (TFG) y Proyectos finales de carrera (PFC), (Direcci\u00f3n): Influence of Glyphosate in activated sludge with the determination of enzymatic activities [&hellip;]<\/p>\n","protected":false},"author":1,"featured_media":0,"parent":0,"menu_order":1,"comment_status":"closed","ping_status":"closed","template":"","meta":{"footnotes":""},"class_list":["post-16","page","type-page","status-publish","hentry"],"_links":{"self":[{"href":"https:\/\/www.fqedar.com\/index.php?rest_route=\/wp\/v2\/pages\/16","targetHints":{"allow":["GET"]}}],"collection":[{"href":"https:\/\/www.fqedar.com\/index.php?rest_route=\/wp\/v2\/pages"}],"about":[{"href":"https:\/\/www.fqedar.com\/index.php?rest_route=\/wp\/v2\/types\/page"}],"author":[{"embeddable":true,"href":"https:\/\/www.fqedar.com\/index.php?rest_route=\/wp\/v2\/users\/1"}],"replies":[{"embeddable":true,"href":"https:\/\/www.fqedar.com\/index.php?rest_route=%2Fwp%2Fv2%2Fcomments&post=16"}],"version-history":[{"count":57,"href":"https:\/\/www.fqedar.com\/index.php?rest_route=\/wp\/v2\/pages\/16\/revisions"}],"predecessor-version":[{"id":1666,"href":"https:\/\/www.fqedar.com\/index.php?rest_route=\/wp\/v2\/pages\/16\/revisions\/1666"}],"wp:attachment":[{"href":"https:\/\/www.fqedar.com\/index.php?rest_route=%2Fwp%2Fv2%2Fmedia&parent=16"}],"curies":[{"name":"wp","href":"https:\/\/api.w.org\/{rel}","templated":true}]}}