{"id":22,"date":"2016-05-14T14:24:45","date_gmt":"2016-05-14T14:24:45","guid":{"rendered":"http:\/\/www.fqedar.com\/?page_id=22"},"modified":"2020-01-28T23:52:47","modified_gmt":"2020-01-28T23:52:47","slug":"analisis-fisicoquimicos","status":"publish","type":"page","link":"https:\/\/www.fqedar.com\/?page_id=22","title":{"rendered":"An\u00e1lisis fisicoqu\u00edmicos"},"content":{"rendered":"<p style=\"text-align: justify;\">El control y la realizaci\u00f3n de determinaciones de par\u00e1metros fisicoqu\u00edmicos es necesario tanto para ayudar a optimizar el proceso de depuraci\u00f3n como exigible seg\u00fan la legislaci\u00f3n auton\u00f3mica de vertido. As\u00ed es, tambi\u00e9n, necesario para la simulaci\u00f3n y dise\u00f1o de las estaciones depuradoras de aguas residuales y estaciones de tratamiento de aguas potables.<\/p>\n<p><img loading=\"lazy\" decoding=\"async\" class=\"aligncenter wp-image-597 size-medium\" title=\"An\u00e1lisis fisicoqu\u00edmicos en EDAR, PTAR, puntos de control, DPH y plantas potabilizadoras.\" src=\"https:\/\/www.fqedar.com\/wp-content\/uploads\/2020\/01\/02-B-300x200.jpg\" alt=\"An\u00e1lisis fisicoqu\u00edmicos en EDAR, PTAR, puntos de control, DPH y plantas potabilizadoras.\" width=\"300\" height=\"200\" srcset=\"https:\/\/www.fqedar.com\/wp-content\/uploads\/2020\/01\/02-B-300x200.jpg 300w, https:\/\/www.fqedar.com\/wp-content\/uploads\/2020\/01\/02-B-1024x683.jpg 1024w, https:\/\/www.fqedar.com\/wp-content\/uploads\/2020\/01\/02-B-768x512.jpg 768w, https:\/\/www.fqedar.com\/wp-content\/uploads\/2020\/01\/02-B-1536x1024.jpg 1536w, https:\/\/www.fqedar.com\/wp-content\/uploads\/2020\/01\/02-B-750x500.jpg 750w, https:\/\/www.fqedar.com\/wp-content\/uploads\/2020\/01\/02-B-400x267.jpg 400w, https:\/\/www.fqedar.com\/wp-content\/uploads\/2020\/01\/02-B-430x287.jpg 430w, https:\/\/www.fqedar.com\/wp-content\/uploads\/2020\/01\/02-B-150x100.jpg 150w, https:\/\/www.fqedar.com\/wp-content\/uploads\/2020\/01\/02-B-100x67.jpg 100w, https:\/\/www.fqedar.com\/wp-content\/uploads\/2020\/01\/02-B-272x182.jpg 272w, https:\/\/www.fqedar.com\/wp-content\/uploads\/2020\/01\/02-B.jpg 1920w\" sizes=\"auto, (max-width: 300px) 100vw, 300px\" \/><\/p>\n<p style=\"text-align: justify;\">Es por ello que realizamos:<\/p>\n<ol>\n<li style=\"text-align: justify;\"><span style=\"color: #000000;\"><strong>An\u00e1lisis fisicoqu\u00edmicos de dise\u00f1o<\/strong><\/span>.<br \/>\nRequeridos para el dimensionamiento de la planta y poder as\u00ed realizar el dise\u00f1o \u00f3ptimo del proceso o las modificaciones necesarias al ya existente.<\/li>\n<li style=\"text-align: justify;\"><strong><span style=\"color: #000000;\">An\u00e1lisis fisicoqu\u00edmicos de control<\/span><\/strong>.<br \/>\nCuya finalidad es controlar la rutina de trabajo normal de planta EDAR.<\/li>\n<li style=\"text-align: justify;\"><strong><span style=\"color: #000000;\">An\u00e1lisis tipo de vertido seg\u00fan legislaci\u00f3n<\/span><\/strong>.<br \/>\nRealizados conjuntamente con laboratorios acreditados bajo acuerdos de colaboraci\u00f3n con la periodicidad establecida en la normativa actual.<\/li>\n<\/ol>\n<p><img loading=\"lazy\" decoding=\"async\" class=\"aligncenter wp-image-596 size-medium\" title=\"An\u00e1lisis fisicoqu\u00edmicos en EDAR, PTAR, puntos de control, DPH y plantas potabilizadoras.\" src=\"https:\/\/www.fqedar.com\/wp-content\/uploads\/2020\/01\/02-A-300x200.jpg\" alt=\"An\u00e1lisis fisicoqu\u00edmicos en EDAR, PTAR, puntos de control, DPH y plantas potabilizadoras.\" width=\"300\" height=\"200\" srcset=\"https:\/\/www.fqedar.com\/wp-content\/uploads\/2020\/01\/02-A-300x200.jpg 300w, https:\/\/www.fqedar.com\/wp-content\/uploads\/2020\/01\/02-A-1024x682.jpg 1024w, https:\/\/www.fqedar.com\/wp-content\/uploads\/2020\/01\/02-A-768x512.jpg 768w, https:\/\/www.fqedar.com\/wp-content\/uploads\/2020\/01\/02-A-1536x1023.jpg 1536w, https:\/\/www.fqedar.com\/wp-content\/uploads\/2020\/01\/02-A-750x500.jpg 750w, https:\/\/www.fqedar.com\/wp-content\/uploads\/2020\/01\/02-A-400x267.jpg 400w, https:\/\/www.fqedar.com\/wp-content\/uploads\/2020\/01\/02-A-430x286.jpg 430w, https:\/\/www.fqedar.com\/wp-content\/uploads\/2020\/01\/02-A-150x100.jpg 150w, https:\/\/www.fqedar.com\/wp-content\/uploads\/2020\/01\/02-A-100x67.jpg 100w, https:\/\/www.fqedar.com\/wp-content\/uploads\/2020\/01\/02-A-272x182.jpg 272w, https:\/\/www.fqedar.com\/wp-content\/uploads\/2020\/01\/02-A.jpg 1600w\" sizes=\"auto, (max-width: 300px) 100vw, 300px\" \/><\/p>\n","protected":false},"excerpt":{"rendered":"<p>El control y la realizaci\u00f3n de determinaciones de par\u00e1metros fisicoqu\u00edmicos es necesario tanto para ayudar a optimizar el proceso de depuraci\u00f3n como exigible seg\u00fan la legislaci\u00f3n auton\u00f3mica de vertido. As\u00ed es, tambi\u00e9n, necesario para la simulaci\u00f3n y dise\u00f1o de las estaciones depuradoras de aguas residuales y estaciones de tratamiento de [&hellip;]<\/p>\n","protected":false},"author":1,"featured_media":0,"parent":10,"menu_order":1,"comment_status":"closed","ping_status":"closed","template":"","meta":{"footnotes":""},"class_list":["post-22","page","type-page","status-publish","hentry"],"_links":{"self":[{"href":"https:\/\/www.fqedar.com\/index.php?rest_route=\/wp\/v2\/pages\/22","targetHints":{"allow":["GET"]}}],"collection":[{"href":"https:\/\/www.fqedar.com\/index.php?rest_route=\/wp\/v2\/pages"}],"about":[{"href":"https:\/\/www.fqedar.com\/index.php?rest_route=\/wp\/v2\/types\/page"}],"author":[{"embeddable":true,"href":"https:\/\/www.fqedar.com\/index.php?rest_route=\/wp\/v2\/users\/1"}],"replies":[{"embeddable":true,"href":"https:\/\/www.fqedar.com\/index.php?rest_route=%2Fwp%2Fv2%2Fcomments&post=22"}],"version-history":[{"count":11,"href":"https:\/\/www.fqedar.com\/index.php?rest_route=\/wp\/v2\/pages\/22\/revisions"}],"predecessor-version":[{"id":599,"href":"https:\/\/www.fqedar.com\/index.php?rest_route=\/wp\/v2\/pages\/22\/revisions\/599"}],"up":[{"embeddable":true,"href":"https:\/\/www.fqedar.com\/index.php?rest_route=\/wp\/v2\/pages\/10"}],"wp:attachment":[{"href":"https:\/\/www.fqedar.com\/index.php?rest_route=%2Fwp%2Fv2%2Fmedia&parent=22"}],"curies":[{"name":"wp","href":"https:\/\/api.w.org\/{rel}","templated":true}]}}