{"id":24,"date":"2016-05-14T14:25:01","date_gmt":"2016-05-14T14:25:01","guid":{"rendered":"http:\/\/www.fqedar.com\/?page_id=24"},"modified":"2020-01-28T23:53:28","modified_gmt":"2020-01-28T23:53:28","slug":"estudios-de-bioindicacion","status":"publish","type":"page","link":"https:\/\/www.fqedar.com\/?page_id=24","title":{"rendered":"Estudios de bioindicaci\u00f3n"},"content":{"rendered":"<p style=\"text-align: justify;\"><span style=\"color: #000000;\">Desde la primera instalaci\u00f3n de fangos activos a escala real en 1922 los primeros investigadores ya indicaron que los <strong>protistas eran potenciales indicadores de la eficiencia y rendimiento del proceso<\/strong>. A partir de los primeros estudios descriptivos de Curds y Cockburn (1970) y Poole (1984), otros han continuado centrando sus objetivos en estudiar la relaci\u00f3n entre la <strong>comunidad de protistas y la calidad del efluente y\/o el rendimiento de la planta<\/strong> (Madoni y Guetti, 1981; Luna-pabello <em>et al.<\/em>, 1990; Al-Shahwani y Horan, 1991; Salvad\u00f3 <em>et al.<\/em>, 1995; Mart\u00edn-Cereceda <em>et al.<\/em>, 1996; Zhou <em>et al.<\/em>, 2008).<\/span><\/p>\n<p><img loading=\"lazy\" decoding=\"async\" class=\"aligncenter wp-image-589 size-medium\" title=\"Fl\u00f3culo en el fango activo.\" src=\"https:\/\/www.fqedar.com\/wp-content\/uploads\/2020\/01\/01-A-300x225.jpg\" alt=\"Fl\u00f3culo en el fango activo.\" width=\"300\" height=\"225\" srcset=\"https:\/\/www.fqedar.com\/wp-content\/uploads\/2020\/01\/01-A-300x225.jpg 300w, https:\/\/www.fqedar.com\/wp-content\/uploads\/2020\/01\/01-A-400x300.jpg 400w, https:\/\/www.fqedar.com\/wp-content\/uploads\/2020\/01\/01-A-430x323.jpg 430w, https:\/\/www.fqedar.com\/wp-content\/uploads\/2020\/01\/01-A-150x113.jpg 150w, https:\/\/www.fqedar.com\/wp-content\/uploads\/2020\/01\/01-A-100x75.jpg 100w, https:\/\/www.fqedar.com\/wp-content\/uploads\/2020\/01\/01-A.jpg 640w\" sizes=\"auto, (max-width: 300px) 100vw, 300px\" \/><\/p>\n<p style=\"text-align: justify;\"><span style=\"color: #000000;\"><strong>Las especies de protistas presentes en fangos activos han sido bien inventariadas como bioindicadores<\/strong> importantes desde el siglo pasado (Curds y Cockburn, 1970; Madoni y Ghetti, 1981; Madoni <em>et al.<\/em>, 1991, 1993; Nicolau <em>et al.<\/em>, 2001). Gracias al potencial indicador de las condiciones de operaci\u00f3n, algunos investigadores se han centrado en estudiar la <strong>relaci\u00f3n entre protistas y par\u00e1metros operacionales<\/strong> (Esteban <em>et al.<\/em>, 1990, 1991; Salvad\u00f3 y Gracia, 1993; Salvad\u00f3, 1994; Mart\u00edn-Cereceda <em>et al.<\/em>, 1996; Lee <em>et al.<\/em>, 2004, Hu <em>et al.<\/em>, 2012, Dubber <em>et al.<\/em>, 2011), y en el caso de algunos autores, en diferentes tipos de procesos biol\u00f3gicos (Liu <em>et al.<\/em>, 2008).<\/span><\/p>\n<p><img loading=\"lazy\" decoding=\"async\" class=\"aligncenter wp-image-590 size-medium\" title=\"Protistas en el fango activo.\" src=\"https:\/\/www.fqedar.com\/wp-content\/uploads\/2020\/01\/01-B-300x225.jpg\" alt=\"Protistas en el fango activo.\" width=\"300\" height=\"225\" srcset=\"https:\/\/www.fqedar.com\/wp-content\/uploads\/2020\/01\/01-B-300x225.jpg 300w, https:\/\/www.fqedar.com\/wp-content\/uploads\/2020\/01\/01-B-400x300.jpg 400w, https:\/\/www.fqedar.com\/wp-content\/uploads\/2020\/01\/01-B-430x323.jpg 430w, https:\/\/www.fqedar.com\/wp-content\/uploads\/2020\/01\/01-B-150x113.jpg 150w, https:\/\/www.fqedar.com\/wp-content\/uploads\/2020\/01\/01-B-100x75.jpg 100w, https:\/\/www.fqedar.com\/wp-content\/uploads\/2020\/01\/01-B.jpg 640w\" sizes=\"auto, (max-width: 300px) 100vw, 300px\" \/><\/p>\n<p style=\"text-align: justify;\"><span style=\"color: #000000;\"><strong>Los microorganismos filamentosos<\/strong> son miembros junto con protozoos y metazoos de la microfauna de las estaciones depuradoras de aguas residuales por fangos activos (EDAR), desempe\u00f1ando un<strong> papel esencial en la formaci\u00f3n flocular<\/strong> (Madoni <em>et al.<\/em>, 2000). El proceso de fangos activos depende en su \u00faltima etapa de la capacidad de separaci\u00f3n de la biomasa en el clarificador secundario, dejando un clarificado libre de turbidez y s\u00f3lidos en suspensi\u00f3n. Muchos de los problemas de separaci\u00f3n de los s\u00f3lidos del fango activado se encuentran relacionados con desequilibrios en la estructura del fl\u00f3culo Com\u00fanmente, la proliferaci\u00f3n excesiva de bacterias filamentosas genera problemas de explotaci\u00f3n y causa serios problemas de separaci\u00f3n en el clarificador. Estos problemas pueden ser clasificados en dos grandes grupos, que pueden aparecer de forma separada o conjunta: <em>bulking<\/em> y <em>foaming<\/em>.<\/span><\/p>\n<p><img loading=\"lazy\" decoding=\"async\" class=\"aligncenter wp-image-591 size-medium\" title=\"Bacterias filamentosas en el fango activo.\" src=\"https:\/\/www.fqedar.com\/wp-content\/uploads\/2020\/01\/01-C-300x225.jpg\" alt=\"Bacterias filamentosas en el fango activo.\" width=\"300\" height=\"225\" srcset=\"https:\/\/www.fqedar.com\/wp-content\/uploads\/2020\/01\/01-C-300x225.jpg 300w, https:\/\/www.fqedar.com\/wp-content\/uploads\/2020\/01\/01-C-400x300.jpg 400w, https:\/\/www.fqedar.com\/wp-content\/uploads\/2020\/01\/01-C-430x323.jpg 430w, https:\/\/www.fqedar.com\/wp-content\/uploads\/2020\/01\/01-C-150x113.jpg 150w, https:\/\/www.fqedar.com\/wp-content\/uploads\/2020\/01\/01-C-100x75.jpg 100w, https:\/\/www.fqedar.com\/wp-content\/uploads\/2020\/01\/01-C.jpg 640w\" sizes=\"auto, (max-width: 300px) 100vw, 300px\" \/><\/p>\n<p style=\"text-align: justify;\"><span style=\"color: #000000;\">El objetivo es realizar un <strong>control peri\u00f3dico externo de la calidad del proceso biol\u00f3gico<\/strong> a trav\u00e9s de una entidad de referencia en el sector. El an\u00e1lisis de organismos bioindicadores permitir\u00e1 detectar alteraciones en el proceso biol\u00f3gico, mientras que un control preventivo de microorganismos filamentosos detectar\u00e1 con suficiente antelaci\u00f3n los problemas de <em>bulking<\/em> y\/o <em>foaming<\/em>. Todo ello, <strong>permitir\u00e1 una adecuada monitorizaci\u00f3n de la EDAR, optimizando costes de explotaci\u00f3n y obteniendo una calidad \u00f3ptima del efluente tratado<\/strong>.<\/span><\/p>\n","protected":false},"excerpt":{"rendered":"<p>Desde la primera instalaci\u00f3n de fangos activos a escala real en 1922 los primeros investigadores ya indicaron que los protistas eran potenciales indicadores de la eficiencia y rendimiento del proceso. A partir de los primeros estudios descriptivos de Curds y Cockburn (1970) y Poole (1984), otros han continuado centrando sus [&hellip;]<\/p>\n","protected":false},"author":1,"featured_media":0,"parent":10,"menu_order":7,"comment_status":"closed","ping_status":"closed","template":"","meta":{"footnotes":""},"class_list":["post-24","page","type-page","status-publish","hentry"],"_links":{"self":[{"href":"https:\/\/www.fqedar.com\/index.php?rest_route=\/wp\/v2\/pages\/24","targetHints":{"allow":["GET"]}}],"collection":[{"href":"https:\/\/www.fqedar.com\/index.php?rest_route=\/wp\/v2\/pages"}],"about":[{"href":"https:\/\/www.fqedar.com\/index.php?rest_route=\/wp\/v2\/types\/page"}],"author":[{"embeddable":true,"href":"https:\/\/www.fqedar.com\/index.php?rest_route=\/wp\/v2\/users\/1"}],"replies":[{"embeddable":true,"href":"https:\/\/www.fqedar.com\/index.php?rest_route=%2Fwp%2Fv2%2Fcomments&post=24"}],"version-history":[{"count":34,"href":"https:\/\/www.fqedar.com\/index.php?rest_route=\/wp\/v2\/pages\/24\/revisions"}],"predecessor-version":[{"id":595,"href":"https:\/\/www.fqedar.com\/index.php?rest_route=\/wp\/v2\/pages\/24\/revisions\/595"}],"up":[{"embeddable":true,"href":"https:\/\/www.fqedar.com\/index.php?rest_route=\/wp\/v2\/pages\/10"}],"wp:attachment":[{"href":"https:\/\/www.fqedar.com\/index.php?rest_route=%2Fwp%2Fv2%2Fmedia&parent=24"}],"curies":[{"name":"wp","href":"https:\/\/api.w.org\/{rel}","templated":true}]}}