{"id":26,"date":"2016-05-14T14:25:16","date_gmt":"2016-05-14T14:25:16","guid":{"rendered":"http:\/\/www.fqedar.com\/?page_id=26"},"modified":"2020-01-28T23:53:34","modified_gmt":"2020-01-28T23:53:34","slug":"estudios-respirometricos","status":"publish","type":"page","link":"https:\/\/www.fqedar.com\/?page_id=26","title":{"rendered":"Estudios respirom\u00e9tricos"},"content":{"rendered":"<p style=\"text-align: justify;\">Los <strong><span style=\"color: #000000;\">an\u00e1lisis respirom\u00e9tricos<\/span><\/strong> permiten adquirir datos sobre el consumo de ox\u00edgeno en respuesta al metabolismo, bien de un sustrato concreto como de agua residual, por la respiraci\u00f3n de los microorganismos presentes en el fango activo.<\/p>\n<p style=\"text-align: justify;\">Nuestra especializaci\u00f3n en este tipo de an\u00e1lisis y con el\u00a0acuerdo adoptado para su realizaci\u00f3n realizamos\u00a0ensayos de tasas de respiraci\u00f3n del fango activo as\u00ed como estudios de toxicidad de los afluentes a reactores biol\u00f3gicos y an\u00e1lisis de los par\u00e1metros de nitrificaci\u00f3n\/desnitrificaci\u00f3n con la finalidad de mejorar el proceso de depuraci\u00f3n y optimizar los costes de explotaci\u00f3n y calidad del efluente de EDAR.<\/p>\n<p><img loading=\"lazy\" decoding=\"async\" class=\"aligncenter wp-image-606 size-medium\" title=\"Respirograma donde se estudia la toxicidad progresiva en fangos activos.\" src=\"https:\/\/www.fqedar.com\/wp-content\/uploads\/2020\/01\/04-1-300x200.jpg\" alt=\"Respirograma donde se estudia la toxicidad progresiva en fangos activos.\" width=\"300\" height=\"200\" srcset=\"https:\/\/www.fqedar.com\/wp-content\/uploads\/2020\/01\/04-1-300x200.jpg 300w, https:\/\/www.fqedar.com\/wp-content\/uploads\/2020\/01\/04-1-1024x683.jpg 1024w, https:\/\/www.fqedar.com\/wp-content\/uploads\/2020\/01\/04-1-768x512.jpg 768w, https:\/\/www.fqedar.com\/wp-content\/uploads\/2020\/01\/04-1-750x500.jpg 750w, https:\/\/www.fqedar.com\/wp-content\/uploads\/2020\/01\/04-1-400x267.jpg 400w, https:\/\/www.fqedar.com\/wp-content\/uploads\/2020\/01\/04-1-430x287.jpg 430w, https:\/\/www.fqedar.com\/wp-content\/uploads\/2020\/01\/04-1-150x100.jpg 150w, https:\/\/www.fqedar.com\/wp-content\/uploads\/2020\/01\/04-1-100x67.jpg 100w, https:\/\/www.fqedar.com\/wp-content\/uploads\/2020\/01\/04-1-272x182.jpg 272w, https:\/\/www.fqedar.com\/wp-content\/uploads\/2020\/01\/04-1.jpg 1164w\" sizes=\"auto, (max-width: 300px) 100vw, 300px\" \/><\/p>\n<p style=\"text-align: justify;\">As\u00ed pues, globalmente lo empleamos\u00a0para:<\/p>\n<ol>\n<li style=\"text-align: justify;\"><span style=\"color: #000000;\"><strong>Determinar la tasa de consumo de ox\u00edgeno en aguas residuales<\/strong><\/span>.<\/li>\n<li style=\"text-align: justify;\"><span style=\"color: #000000;\"><strong>Determinar la toxicidad de los vertidos sobre el fango activo en las EDAR<\/strong><\/span>.<\/li>\n<li style=\"text-align: justify;\"><strong><span style=\"color: #000000;\">Determinar la efectividad de los cultivos microbiol\u00f3gicos y el comportamiento de los mismos en funci\u00f3n de la digesti\u00f3n de sustratos<\/span><\/strong>.<\/li>\n<li style=\"text-align: justify;\"><strong><span style=\"color: #000000;\">Determinar los par\u00e1metros cin\u00e9ticos en las reacciones de biodegradaci\u00f3n<\/span><\/strong>.<\/li>\n<li style=\"text-align: justify;\"><strong><span style=\"color: #000000;\">Monitorizaci\u00f3n de fangos activos aclimatados a compuestos org\u00e1nicos refractarios<\/span><\/strong>.<\/li>\n<li style=\"text-align: justify;\"><strong><span style=\"color: #000000;\">Medici\u00f3n de la actividad aer\u00f3bica y anaer\u00f3bica de fangos activos<\/span><\/strong>.<\/li>\n<\/ol>\n<p>Siendo los principales estudios que realizamos:<\/p>\n<ol>\n<li><strong><span style=\"color: #000000;\">Estudio del fraccionamiento de la DQO<\/span><\/strong>.<\/li>\n<li><strong><span style=\"color: #000000;\">Estudio de la actividad biol\u00f3gica y estado del fango<\/span><\/strong>.<\/li>\n<li><strong><span style=\"color: #000000;\">Estudio de toxicidad global<\/span><\/strong>.<\/li>\n<li><strong><span style=\"color: #000000;\">Estudio de toxicidad discerniendo entre nitrificaci\u00f3n y desnitrificaci\u00f3n<\/span><\/strong>.<\/li>\n<li><strong><span style=\"color: #000000;\">Estudio de los crecimientos de la biomasa<\/span><\/strong>.<\/li>\n<li><strong><span style=\"color: #000000;\">Estudio de la actividad nitrificante<\/span><\/strong>.<\/li>\n<li><strong><span style=\"color: #000000;\">C\u00e1lculo de los par\u00e1metros cin\u00e9ticos de la biomasa<\/span><\/strong>.<\/li>\n<li><strong><span style=\"color: #000000;\">Estudio del proceso de nitrificaci\u00f3n<\/span><\/strong>.<\/li>\n<li><strong><span style=\"color: #000000;\">Estudio del proceso de desnitrificaci\u00f3n<\/span><\/strong>.<\/li>\n<li><strong><span style=\"color: #000000;\">Determinaci\u00f3n de la materia carbonosa para desnitrificaci\u00f3n<\/span><\/strong>.<\/li>\n<\/ol>\n<p style=\"text-align: justify;\">Igualmente estamos especializados en la puesta a punto de t\u00e9cnicas experimentales de respiraci\u00f3n de\u00a0fangos activos y estudios de inhibici\u00f3n\u00a0para la determinaci\u00f3n de la toxicidad de productos qu\u00edmicos y c\u00e1lculo del EC50. <strong><span style=\"color: #000000;\">M\u00e9todo OECD 209<\/span><\/strong>.<\/p>\n<p><img loading=\"lazy\" decoding=\"async\" class=\"aligncenter wp-image-607 size-medium\" title=\"Test de inhibici\u00f3n de la respiraci\u00f3n seg\u00fan aplicaci\u00f3n de la normativa OECD 209.\" src=\"https:\/\/www.fqedar.com\/wp-content\/uploads\/2020\/01\/04-B-300x200.jpg\" alt=\"Test de inhibici\u00f3n de la respiraci\u00f3n seg\u00fan aplicaci\u00f3n de la normativa OECD 209.\" width=\"300\" height=\"200\" srcset=\"https:\/\/www.fqedar.com\/wp-content\/uploads\/2020\/01\/04-B-300x200.jpg 300w, https:\/\/www.fqedar.com\/wp-content\/uploads\/2020\/01\/04-B-768x512.jpg 768w, https:\/\/www.fqedar.com\/wp-content\/uploads\/2020\/01\/04-B-750x500.jpg 750w, https:\/\/www.fqedar.com\/wp-content\/uploads\/2020\/01\/04-B-400x267.jpg 400w, https:\/\/www.fqedar.com\/wp-content\/uploads\/2020\/01\/04-B-430x286.jpg 430w, https:\/\/www.fqedar.com\/wp-content\/uploads\/2020\/01\/04-B-150x100.jpg 150w, https:\/\/www.fqedar.com\/wp-content\/uploads\/2020\/01\/04-B-100x67.jpg 100w, https:\/\/www.fqedar.com\/wp-content\/uploads\/2020\/01\/04-B-272x182.jpg 272w, https:\/\/www.fqedar.com\/wp-content\/uploads\/2020\/01\/04-B.jpg 800w\" sizes=\"auto, (max-width: 300px) 100vw, 300px\" \/><\/p>\n","protected":false},"excerpt":{"rendered":"<p>Los an\u00e1lisis respirom\u00e9tricos permiten adquirir datos sobre el consumo de ox\u00edgeno en respuesta al metabolismo, bien de un sustrato concreto como de agua residual, por la respiraci\u00f3n de los microorganismos presentes en el fango activo. Nuestra especializaci\u00f3n en este tipo de an\u00e1lisis y con el\u00a0acuerdo adoptado para su realizaci\u00f3n realizamos\u00a0ensayos [&hellip;]<\/p>\n","protected":false},"author":1,"featured_media":0,"parent":10,"menu_order":8,"comment_status":"closed","ping_status":"closed","template":"","meta":{"footnotes":""},"class_list":["post-26","page","type-page","status-publish","hentry"],"_links":{"self":[{"href":"https:\/\/www.fqedar.com\/index.php?rest_route=\/wp\/v2\/pages\/26","targetHints":{"allow":["GET"]}}],"collection":[{"href":"https:\/\/www.fqedar.com\/index.php?rest_route=\/wp\/v2\/pages"}],"about":[{"href":"https:\/\/www.fqedar.com\/index.php?rest_route=\/wp\/v2\/types\/page"}],"author":[{"embeddable":true,"href":"https:\/\/www.fqedar.com\/index.php?rest_route=\/wp\/v2\/users\/1"}],"replies":[{"embeddable":true,"href":"https:\/\/www.fqedar.com\/index.php?rest_route=%2Fwp%2Fv2%2Fcomments&post=26"}],"version-history":[{"count":9,"href":"https:\/\/www.fqedar.com\/index.php?rest_route=\/wp\/v2\/pages\/26\/revisions"}],"predecessor-version":[{"id":609,"href":"https:\/\/www.fqedar.com\/index.php?rest_route=\/wp\/v2\/pages\/26\/revisions\/609"}],"up":[{"embeddable":true,"href":"https:\/\/www.fqedar.com\/index.php?rest_route=\/wp\/v2\/pages\/10"}],"wp:attachment":[{"href":"https:\/\/www.fqedar.com\/index.php?rest_route=%2Fwp%2Fv2%2Fmedia&parent=26"}],"curies":[{"name":"wp","href":"https:\/\/api.w.org\/{rel}","templated":true}]}}