{"id":28,"date":"2016-05-14T14:25:37","date_gmt":"2016-05-14T14:25:37","guid":{"rendered":"http:\/\/www.fqedar.com\/?page_id=28"},"modified":"2020-02-03T22:39:19","modified_gmt":"2020-02-03T22:39:19","slug":"analisis-microbiologicos","status":"publish","type":"page","link":"https:\/\/www.fqedar.com\/?page_id=28","title":{"rendered":"An\u00e1lisis microbiol\u00f3gicos"},"content":{"rendered":"<p style=\"text-align: justify;\">Un estudio integral del fango activo conlleva conocer las diferentes especies y su poblaci\u00f3n que existen y conviven en el licor mezcla de un reactor biol\u00f3gico as\u00ed como en los diferentes estados del fango en funci\u00f3n del proceso en el que se encuentre.<\/p>\n<p style=\"text-align: justify;\">Los <span style=\"color: #000000;\"><strong>an\u00e1lisis microbiol\u00f3gicos<\/strong><\/span> complementan aquella informaci\u00f3n necesaria para conocer la evoluci\u00f3n del proceso de depuraci\u00f3n as\u00ed como, igualmente, su optimizaci\u00f3n.<\/p>\n<p><img loading=\"lazy\" decoding=\"async\" class=\"aligncenter wp-image-613 size-medium\" title=\"Determinaci\u00f3n espec\u00edfica de bacterias en fangos activos mediante t\u00e9cnicas de \u00faltima generaci\u00f3n.\" src=\"https:\/\/www.fqedar.com\/wp-content\/uploads\/2020\/01\/06-B-300x225.jpg\" alt=\"Determinaci\u00f3n espec\u00edfica de bacterias en fangos activos mediante t\u00e9cnicas de \u00faltima generaci\u00f3n.\" width=\"300\" height=\"225\" srcset=\"https:\/\/www.fqedar.com\/wp-content\/uploads\/2020\/01\/06-B-300x225.jpg 300w, https:\/\/www.fqedar.com\/wp-content\/uploads\/2020\/01\/06-B-400x300.jpg 400w, https:\/\/www.fqedar.com\/wp-content\/uploads\/2020\/01\/06-B-430x323.jpg 430w, https:\/\/www.fqedar.com\/wp-content\/uploads\/2020\/01\/06-B-150x113.jpg 150w, https:\/\/www.fqedar.com\/wp-content\/uploads\/2020\/01\/06-B-100x75.jpg 100w, https:\/\/www.fqedar.com\/wp-content\/uploads\/2020\/01\/06-B.jpg 640w\" sizes=\"auto, (max-width: 300px) 100vw, 300px\" \/><\/p>\n<p style=\"text-align: justify;\">Podemos discernir principalmente entre:<\/p>\n<ol>\n<li style=\"text-align: justify;\"><strong><span style=\"color: #000000;\">M\u00e9todo de evaluaci\u00f3n de&nbsp;la integridad de la membrana celular<\/span><\/strong>. An\u00e1lisis microbiol\u00f3gico de viabilidad.<br \/>\nMediante este m\u00e9todo podemos conocer si nuestra poblaci\u00f3n de c\u00e9lulas est\u00e1n viables o no viables estableciendo a su vez los porcentajes de presencia de las mismas.<\/li>\n<li style=\"text-align: justify;\"><strong><span style=\"color: #000000;\">M\u00e9todo de evaluaci\u00f3n de la actividad deshidrogenasa<\/span><\/strong>. An\u00e1lisis microbiol\u00f3gico de viabilidad.<br \/>\nMediante este m\u00e9todo podemos conocer la capacidad oxidativa de nuestra poblaci\u00f3n de microorganismos estableciendo as\u00ed la capacidad catab\u00f3lica de degradaci\u00f3n de mol\u00e9culas complejas en mol\u00e9culas sencillas y su biodegradaci\u00f3n del medio acu\u00e1tico.<\/li>\n<li style=\"text-align: justify;\"><strong><span style=\"color: #000000;\">M\u00e9todos de identificaci\u00f3n y cuantificaci\u00f3n de microorganismos<\/span><\/strong>.<br \/>\nUn fango activo es un medio de cultivo complejo con una alta variabilidad en las poblaciones de microorganimos presentes en funci\u00f3n del estado en el que se encuentre el mismo. As\u00ed pues, por ejemplo, es importante conocer la poblaci\u00f3n de bacterias nitrificantes cuando existe eliminaci\u00f3n de nutrientes o la poblaci\u00f3n de bacterias metanog\u00e9nicas presentes en el fango de digestores anaerobios.<\/li>\n<\/ol>\n<p><img loading=\"lazy\" decoding=\"async\" class=\"aligncenter wp-image-612 size-medium\" title=\"Determinaci\u00f3n espec\u00edfica de bacterias en fangos activos mediante t\u00e9cnicas de \u00faltima generaci\u00f3n.\" src=\"https:\/\/www.fqedar.com\/wp-content\/uploads\/2020\/01\/06-A-300x225.jpg\" alt=\"Determinaci\u00f3n espec\u00edfica de bacterias en fangos activos mediante t\u00e9cnicas de \u00faltima generaci\u00f3n.\" width=\"300\" height=\"225\" srcset=\"https:\/\/www.fqedar.com\/wp-content\/uploads\/2020\/01\/06-A-300x225.jpg 300w, https:\/\/www.fqedar.com\/wp-content\/uploads\/2020\/01\/06-A-400x300.jpg 400w, https:\/\/www.fqedar.com\/wp-content\/uploads\/2020\/01\/06-A-430x323.jpg 430w, https:\/\/www.fqedar.com\/wp-content\/uploads\/2020\/01\/06-A-150x113.jpg 150w, https:\/\/www.fqedar.com\/wp-content\/uploads\/2020\/01\/06-A-100x75.jpg 100w, https:\/\/www.fqedar.com\/wp-content\/uploads\/2020\/01\/06-A.jpg 640w\" sizes=\"auto, (max-width: 300px) 100vw, 300px\" \/><\/p>\n<p>Los microorganismos m\u00e1s importantes que podemos cuantificar son:<\/p>\n<ul>\n<li style=\"list-style-type: none;\">\n<ul>\n<li style=\"text-align: justify;\"><strong><span style=\"color: #000000;\">Bacterias amoniooxidantes<\/span><\/strong>, <strong><span style=\"color: #000000;\">AOB<\/span><\/strong>. Responsables de la oxidaci\u00f3n del&nbsp;NH<sub>4<\/sub><sup>+<\/sup> \u2192 NO<sub>2<\/sub><sup>&#8211;<\/sup>.<\/li>\n<li style=\"text-align: justify;\"><strong><span style=\"color: #000000;\">Bacterias nitritooxidantes<\/span><\/strong>, <strong><span style=\"color: #000000;\">NOB<\/span><\/strong>. Responsables de la oxidaci\u00f3n del NO<sub>2<\/sub><sup>&#8211;<\/sup> \u2192 NO<sub>3<\/sub><sup>&#8211;<\/sup>.<\/li>\n<li style=\"text-align: justify;\"><strong><span style=\"color: #000000;\">Bacterias desnitrificantes<\/span><\/strong>. Las cuales emplean el nitrato como aceptor final de electrones para las reacciones de oxidaci\u00f3n de la materia org\u00e1nica presente en el agua residual.<\/li>\n<li style=\"text-align: justify;\"><strong><span style=\"color: #000000;\">Bacterias acumuladoras de polifosfatos<\/span><\/strong>, <strong><span style=\"color: #000000;\">PAO<\/span><\/strong>. Responsables de la eliminaci\u00f3n del f\u00f3sforo.<\/li>\n<li style=\"text-align: justify;\"><strong><span style=\"color: #000000;\">Bacterias acumuladoras de glic\u00f3geno<\/span><\/strong>, <strong><span style=\"color: #000000;\">GAO<\/span><\/strong>. Competidoras naturales de las PAO por los AGV.<\/li>\n<li style=\"text-align: justify;\"><strong><span style=\"color: #000000;\">Bacterias acidog\u00e9nicas<\/span><\/strong>. Implicadas en el proceso de digesti\u00f3n anaerobia y que son las responsables de la degradaci\u00f3n de&nbsp;los subproductos de la hidrolizaci\u00f3n en AGV.<\/li>\n<li style=\"text-align: justify;\"><strong><span style=\"color: #000000;\">Bacterias acetog\u00e9nicas<\/span><\/strong>. \u00c9stas, implicadas igualmente en la digesti\u00f3n anaerobia, transforman los AGV en \u00e1cido ac\u00e9tico.<\/li>\n<li style=\"text-align: justify;\"><strong><span style=\"color: #000000;\">Bacterias&nbsp;metanog\u00e9nicas<\/span><\/strong>. Responsables de la formaci\u00f3n del&nbsp;CH<sub>4<\/sub>.<\/li>\n<li style=\"text-align: justify;\"><strong><span style=\"color: #000000;\">Bacterias&nbsp;hidrogenotr\u00f3ficas<\/span><\/strong>. Responsables de la eliminaci\u00f3n del&nbsp;H<sub>2<\/sub>&nbsp;por reducci\u00f3n del&nbsp;CO<sub>2<\/sub>&nbsp;a&nbsp;CH<sub>4<\/sub>.<\/li>\n<li style=\"text-align: justify;\"><strong><span style=\"color: #000000;\">Bacterias metanotrofas<\/span><\/strong>,&nbsp;<strong><span style=\"color: #000000;\">Methylocystaceae<\/span><\/strong>. Las cuales emplean el metano como sustrato, oxid\u00e1ndolo y elimin\u00e1ndolo del medio.<\/li>\n<li style=\"text-align: justify;\"><strong><span style=\"color: #000000;\">Bacterias sulfatoreductoras<\/span><\/strong>, <strong><span style=\"color: #000000;\">SRB<\/span><\/strong>. Las cuales emplean el sulfato como aceptor final de electrones para las reacciones de oxidaci\u00f3n de la materia org\u00e1nica presente y produciendo \u00e1cido sulfh\u00eddrico como producto de su metabolismo.<\/li>\n<\/ul>\n<\/li>\n<\/ul>\n","protected":false},"excerpt":{"rendered":"<p>Un estudio integral del fango activo conlleva conocer las diferentes especies y su poblaci\u00f3n que existen y conviven en el licor mezcla de un reactor biol\u00f3gico as\u00ed como en los diferentes estados del fango en funci\u00f3n del proceso en el que se encuentre. Los an\u00e1lisis microbiol\u00f3gicos complementan aquella informaci\u00f3n necesaria [&hellip;]<\/p>\n","protected":false},"author":1,"featured_media":0,"parent":10,"menu_order":2,"comment_status":"closed","ping_status":"closed","template":"","meta":{"footnotes":""},"class_list":["post-28","page","type-page","status-publish","hentry"],"_links":{"self":[{"href":"https:\/\/www.fqedar.com\/index.php?rest_route=\/wp\/v2\/pages\/28","targetHints":{"allow":["GET"]}}],"collection":[{"href":"https:\/\/www.fqedar.com\/index.php?rest_route=\/wp\/v2\/pages"}],"about":[{"href":"https:\/\/www.fqedar.com\/index.php?rest_route=\/wp\/v2\/types\/page"}],"author":[{"embeddable":true,"href":"https:\/\/www.fqedar.com\/index.php?rest_route=\/wp\/v2\/users\/1"}],"replies":[{"embeddable":true,"href":"https:\/\/www.fqedar.com\/index.php?rest_route=%2Fwp%2Fv2%2Fcomments&post=28"}],"version-history":[{"count":16,"href":"https:\/\/www.fqedar.com\/index.php?rest_route=\/wp\/v2\/pages\/28\/revisions"}],"predecessor-version":[{"id":688,"href":"https:\/\/www.fqedar.com\/index.php?rest_route=\/wp\/v2\/pages\/28\/revisions\/688"}],"up":[{"embeddable":true,"href":"https:\/\/www.fqedar.com\/index.php?rest_route=\/wp\/v2\/pages\/10"}],"wp:attachment":[{"href":"https:\/\/www.fqedar.com\/index.php?rest_route=%2Fwp%2Fv2%2Fmedia&parent=28"}],"curies":[{"name":"wp","href":"https:\/\/api.w.org\/{rel}","templated":true}]}}