{"id":30,"date":"2016-05-14T14:25:53","date_gmt":"2016-05-14T14:25:53","guid":{"rendered":"http:\/\/www.fqedar.com\/?page_id=30"},"modified":"2020-02-03T22:44:15","modified_gmt":"2020-02-03T22:44:15","slug":"formacion-especifica","status":"publish","type":"page","link":"https:\/\/www.fqedar.com\/?page_id=30","title":{"rendered":"Formaci\u00f3n espec\u00edfica"},"content":{"rendered":"<p style=\"text-align: justify;\">Explotar una EDAR de manera eficaz cumpliendo todos los par\u00e1metros de vertido con el m\u00ednimo coste comienza por conocer en profundidad el sistema de depuraci\u00f3n que disponemos, desde los equipos hasta su control as\u00ed como todas las posibilidades que ofrecen.<\/p>\n<p style=\"text-align: justify;\"><span style=\"color: #000000;\"><strong>Cada formaci\u00f3n debe ir espec\u00edfica al dise\u00f1o en concreto<\/strong><\/span>. No existen dos formaciones iguales tanto que no existen dos EDAR id\u00e9nticas.<\/p>\n<p><img loading=\"lazy\" decoding=\"async\" class=\"aligncenter wp-image-629 size-medium\" title=\"Formaci\u00f3n especializada a cada proceso y a cada EDAR tanto industrial como urbana.\" src=\"https:\/\/www.fqedar.com\/wp-content\/uploads\/2020\/01\/11-B-300x200.jpg\" alt=\"Formaci\u00f3n especializada a cada proceso y a cada EDAR tanto industrial como urbana.\" width=\"300\" height=\"200\" srcset=\"https:\/\/www.fqedar.com\/wp-content\/uploads\/2020\/01\/11-B-300x200.jpg 300w, https:\/\/www.fqedar.com\/wp-content\/uploads\/2020\/01\/11-B-1024x683.jpg 1024w, https:\/\/www.fqedar.com\/wp-content\/uploads\/2020\/01\/11-B-768x512.jpg 768w, https:\/\/www.fqedar.com\/wp-content\/uploads\/2020\/01\/11-B-1536x1024.jpg 1536w, https:\/\/www.fqedar.com\/wp-content\/uploads\/2020\/01\/11-B-750x500.jpg 750w, https:\/\/www.fqedar.com\/wp-content\/uploads\/2020\/01\/11-B-400x267.jpg 400w, https:\/\/www.fqedar.com\/wp-content\/uploads\/2020\/01\/11-B-430x287.jpg 430w, https:\/\/www.fqedar.com\/wp-content\/uploads\/2020\/01\/11-B-150x100.jpg 150w, https:\/\/www.fqedar.com\/wp-content\/uploads\/2020\/01\/11-B-100x67.jpg 100w, https:\/\/www.fqedar.com\/wp-content\/uploads\/2020\/01\/11-B-272x182.jpg 272w, https:\/\/www.fqedar.com\/wp-content\/uploads\/2020\/01\/11-B.jpg 1918w\" sizes=\"auto, (max-width: 300px) 100vw, 300px\" \/><\/p>\n<p style=\"text-align: justify;\"><span style=\"color: #000000;\"><strong>Adecuamos la formaci\u00f3n necesaria y&nbsp;particularizada al control de la explotaci\u00f3n<\/strong><\/span>, realiz\u00e1ndola <em>in situ<\/em> con los equipos y materiales que los propios operarios y personal de trabajo emplear\u00e1 o en nuestras propias instalaciones con nuestro material o el material de laboratorio del que disponga la empresa y cliente en su EDAR.<\/p>\n<p><img loading=\"lazy\" decoding=\"async\" class=\"aligncenter wp-image-630 size-medium\" title=\"Formaci\u00f3n te\u00f3rica y\/o pr\u00e1ctica para personal de EDAR y estudiantes. Formaci\u00f3n espec\u00edfica.\" src=\"https:\/\/www.fqedar.com\/wp-content\/uploads\/2020\/01\/11-C-300x200.jpg\" alt=\"Formaci\u00f3n te\u00f3rica y\/o pr\u00e1ctica para personal de EDAR y estudiantes. Formaci\u00f3n espec\u00edfica.\" width=\"300\" height=\"200\" srcset=\"https:\/\/www.fqedar.com\/wp-content\/uploads\/2020\/01\/11-C-300x200.jpg 300w, https:\/\/www.fqedar.com\/wp-content\/uploads\/2020\/01\/11-C-1024x683.jpg 1024w, https:\/\/www.fqedar.com\/wp-content\/uploads\/2020\/01\/11-C-768x512.jpg 768w, https:\/\/www.fqedar.com\/wp-content\/uploads\/2020\/01\/11-C-1536x1024.jpg 1536w, https:\/\/www.fqedar.com\/wp-content\/uploads\/2020\/01\/11-C-750x500.jpg 750w, https:\/\/www.fqedar.com\/wp-content\/uploads\/2020\/01\/11-C-400x267.jpg 400w, https:\/\/www.fqedar.com\/wp-content\/uploads\/2020\/01\/11-C-430x287.jpg 430w, https:\/\/www.fqedar.com\/wp-content\/uploads\/2020\/01\/11-C-150x100.jpg 150w, https:\/\/www.fqedar.com\/wp-content\/uploads\/2020\/01\/11-C-100x67.jpg 100w, https:\/\/www.fqedar.com\/wp-content\/uploads\/2020\/01\/11-C-272x182.jpg 272w, https:\/\/www.fqedar.com\/wp-content\/uploads\/2020\/01\/11-C.jpg 1911w\" sizes=\"auto, (max-width: 300px) 100vw, 300px\" \/><\/p>\n<p style=\"text-align: justify;\">Algunas de las formaciones y cursos que ofrecemos son:<\/p>\n<h4 style=\"text-align: justify;\"><span style=\"color: #000000;\">Curso de depuraci\u00f3n con proceso de fangos activos. <sup>(*)<\/sup><\/span><\/h4>\n<p style=\"padding-left: 40px; text-align: justify;\">Curso te\u00f3rico y\/o pr\u00e1ctico en funci\u00f3n del alumnado objetivo as\u00ed como de las necesidades de la empresa.<br \/>\nDirigido principalmente a operadores de planta EDAR.<\/p>\n<h4 style=\"text-align: justify;\"><span style=\"color: #000000;\">Curso de caracterizaci\u00f3n de afluentes y fangos activos en EDAR, urbana e industrial. <sup>(*)<\/sup><\/span><\/h4>\n<p style=\"padding-left: 40px; text-align: justify;\">Curso te\u00f3rico y pr\u00e1ctico en la propia empresa, in situ, si disponen de laboratorio propio o en nuestras instalaciones.<br \/>\nDirigido a operadores de planta EDAR, t\u00e9cnicos de laboratorio qu\u00edmico y microbiol\u00f3gico y a jefes de planta EDAR.<\/p>\n<h4 style=\"text-align: justify;\"><span style=\"color: #000000;\">Curso de an\u00e1lisis fisicoqu\u00edmicos en la depuraci\u00f3n con proceso de fangos activos. <sup>(*)<\/sup><\/span><\/h4>\n<p style=\"padding-left: 40px; text-align: justify;\">Curso te\u00f3rico y pr\u00e1ctico en la propia empresa, in situ, si disponen de laboratorio propio o en nuestras instalaciones.<br \/>\nDirigido a t\u00e9cnicos de laboratorio qu\u00edmico y a jefes de planta EDAR.<\/p>\n<h4 style=\"text-align: justify;\"><span style=\"color: #000000;\">Curso de an\u00e1lisis fisicoqu\u00edmicos y microbiol\u00f3gicos en la depuraci\u00f3n con proceso de fangos activos. <sup>(*)<\/sup><\/span><\/h4>\n<p style=\"padding-left: 40px; text-align: justify;\">Curso te\u00f3rico y pr\u00e1ctico en la propia empresa, in situ, si disponen de laboratorio propio o en nuestras instalaciones.<br \/>\nDirigido a t\u00e9cnicos de laboratorio qu\u00edmico y microbiol\u00f3gico y a jefes de planta EDAR.<\/p>\n<h4 style=\"text-align: justify;\"><span style=\"color: #000000;\"><strong>Curso de t\u00e9cnicas y procedimientos para la correcta toma de muestras en el ciclo integral del agua. <sup>(*)<\/sup><\/strong><\/span><\/h4>\n<p style=\"padding-left: 40px; text-align: justify;\">Curso te\u00f3rico y pr\u00e1ctico a realizar en nuestras instalaciones, pero existiendo la posibilidad de adaptaci\u00f3n a las necesidades de la empresa y cliente.<br \/>\nDirigido a operadores de planta EDAR, t\u00e9cnicos de laboratorio qu\u00edmico y microbiol\u00f3gico y a jefes de planta EDAR.<\/p>\n<h6 style=\"text-align: justify;\"><sup>(*)<\/sup> Registrados en el RPI y pendientes de publicaci\u00f3n.<\/h6>\n<p style=\"text-align: justify;\">Si deseas m\u00e1s informaci\u00f3n, por favor contacta <a href=\"https:\/\/www.fqedar.com\/fq-edar\/contacto\/\"><span style=\"color: #000000;\"><strong>AQU\u00cd<\/strong><\/span><\/a>.<\/p>\n<p><img loading=\"lazy\" decoding=\"async\" class=\"aligncenter wp-image-628 size-large\" title=\"Proceso integral de depuraci\u00f3n de agua residual mediante EDAR.\" src=\"https:\/\/www.fqedar.com\/wp-content\/uploads\/2020\/01\/11-A-1024x683.jpg\" alt=\"Proceso integral de depuraci\u00f3n de agua residual mediante EDAR.\" width=\"1024\" height=\"683\" srcset=\"https:\/\/www.fqedar.com\/wp-content\/uploads\/2020\/01\/11-A-1024x683.jpg 1024w, https:\/\/www.fqedar.com\/wp-content\/uploads\/2020\/01\/11-A-300x200.jpg 300w, https:\/\/www.fqedar.com\/wp-content\/uploads\/2020\/01\/11-A-768x512.jpg 768w, https:\/\/www.fqedar.com\/wp-content\/uploads\/2020\/01\/11-A-1536x1024.jpg 1536w, https:\/\/www.fqedar.com\/wp-content\/uploads\/2020\/01\/11-A-750x500.jpg 750w, https:\/\/www.fqedar.com\/wp-content\/uploads\/2020\/01\/11-A-400x267.jpg 400w, https:\/\/www.fqedar.com\/wp-content\/uploads\/2020\/01\/11-A-430x287.jpg 430w, https:\/\/www.fqedar.com\/wp-content\/uploads\/2020\/01\/11-A-150x100.jpg 150w, https:\/\/www.fqedar.com\/wp-content\/uploads\/2020\/01\/11-A-100x67.jpg 100w, https:\/\/www.fqedar.com\/wp-content\/uploads\/2020\/01\/11-A-272x182.jpg 272w, https:\/\/www.fqedar.com\/wp-content\/uploads\/2020\/01\/11-A.jpg 1920w\" sizes=\"auto, (max-width: 1024px) 100vw, 1024px\" \/><\/p>\n","protected":false},"excerpt":{"rendered":"<p>Explotar una EDAR de manera eficaz cumpliendo todos los par\u00e1metros de vertido con el m\u00ednimo coste comienza por conocer en profundidad el sistema de depuraci\u00f3n que disponemos, desde los equipos hasta su control as\u00ed como todas las posibilidades que ofrecen. Cada formaci\u00f3n debe ir espec\u00edfica al dise\u00f1o en concreto. No [&hellip;]<\/p>\n","protected":false},"author":1,"featured_media":0,"parent":10,"menu_order":9,"comment_status":"closed","ping_status":"closed","template":"","meta":{"footnotes":""},"class_list":["post-30","page","type-page","status-publish","hentry"],"_links":{"self":[{"href":"https:\/\/www.fqedar.com\/index.php?rest_route=\/wp\/v2\/pages\/30","targetHints":{"allow":["GET"]}}],"collection":[{"href":"https:\/\/www.fqedar.com\/index.php?rest_route=\/wp\/v2\/pages"}],"about":[{"href":"https:\/\/www.fqedar.com\/index.php?rest_route=\/wp\/v2\/types\/page"}],"author":[{"embeddable":true,"href":"https:\/\/www.fqedar.com\/index.php?rest_route=\/wp\/v2\/users\/1"}],"replies":[{"embeddable":true,"href":"https:\/\/www.fqedar.com\/index.php?rest_route=%2Fwp%2Fv2%2Fcomments&post=30"}],"version-history":[{"count":23,"href":"https:\/\/www.fqedar.com\/index.php?rest_route=\/wp\/v2\/pages\/30\/revisions"}],"predecessor-version":[{"id":690,"href":"https:\/\/www.fqedar.com\/index.php?rest_route=\/wp\/v2\/pages\/30\/revisions\/690"}],"up":[{"embeddable":true,"href":"https:\/\/www.fqedar.com\/index.php?rest_route=\/wp\/v2\/pages\/10"}],"wp:attachment":[{"href":"https:\/\/www.fqedar.com\/index.php?rest_route=%2Fwp%2Fv2%2Fmedia&parent=30"}],"curies":[{"name":"wp","href":"https:\/\/api.w.org\/{rel}","templated":true}]}}