{"id":448,"date":"2020-01-05T23:29:45","date_gmt":"2020-01-05T23:29:45","guid":{"rendered":"http:\/\/www.fqedar.com\/?page_id=448"},"modified":"2020-01-28T23:53:50","modified_gmt":"2020-01-28T23:53:50","slug":"muestreos-en-edar-ptar-y-puntos-de-control","status":"publish","type":"page","link":"https:\/\/www.fqedar.com\/?page_id=448","title":{"rendered":"Muestreos en EDAR, PTAR y puntos de control"},"content":{"rendered":"<p style=\"text-align: justify;\">Para la simulaci\u00f3n y dise\u00f1o de EDAR, tanto urbana como industrial, as\u00ed como para una <span style=\"color: #000000;\"><strong>correcta optimizaci\u00f3n y control de proceso<\/strong><\/span> es tanto o m\u00e1s importante que la realizaci\u00f3n de las determinaciones fisicoqu\u00edmicos pertinentes el <span style=\"color: #000000;\"><strong>efectuar una correcta toma de muestras<\/strong><\/span>.<\/p>\n<p><img loading=\"lazy\" decoding=\"async\" class=\"aligncenter wp-image-602 size-medium\" title=\"La complejidad del muestreo en los puntos de vertido en EDAR.\" src=\"https:\/\/www.fqedar.com\/wp-content\/uploads\/2020\/01\/03-C-300x200.jpg\" alt=\"La complejidad del muestreo en los puntos de vertido en EDAR.\" width=\"300\" height=\"200\" srcset=\"https:\/\/www.fqedar.com\/wp-content\/uploads\/2020\/01\/03-C-300x200.jpg 300w, https:\/\/www.fqedar.com\/wp-content\/uploads\/2020\/01\/03-C-1024x683.jpg 1024w, https:\/\/www.fqedar.com\/wp-content\/uploads\/2020\/01\/03-C-768x512.jpg 768w, https:\/\/www.fqedar.com\/wp-content\/uploads\/2020\/01\/03-C-1536x1024.jpg 1536w, https:\/\/www.fqedar.com\/wp-content\/uploads\/2020\/01\/03-C-2048x1365.jpg 2048w, https:\/\/www.fqedar.com\/wp-content\/uploads\/2020\/01\/03-C-750x500.jpg 750w, https:\/\/www.fqedar.com\/wp-content\/uploads\/2020\/01\/03-C-400x267.jpg 400w, https:\/\/www.fqedar.com\/wp-content\/uploads\/2020\/01\/03-C-430x287.jpg 430w, https:\/\/www.fqedar.com\/wp-content\/uploads\/2020\/01\/03-C-150x100.jpg 150w, https:\/\/www.fqedar.com\/wp-content\/uploads\/2020\/01\/03-C-100x67.jpg 100w, https:\/\/www.fqedar.com\/wp-content\/uploads\/2020\/01\/03-C-272x182.jpg 272w\" sizes=\"auto, (max-width: 300px) 100vw, 300px\" \/><\/p>\n<p style=\"text-align: justify;\">La correcta toma de muestra nos asegura <span style=\"color: #000000;\"><strong>la representatividad del agua residual<\/strong><\/span> y con ello se evitan problemas de infradimensionamiento o sobredimensionamiento de las instalaciones de depuraci\u00f3n, cuesti\u00f3n sumamente importante cuando se habla del espacio a ocupar por la EDAR.<\/p>\n<p style=\"text-align: justify;\">Realizamos la toma de <span style=\"color: #000000;\"><strong>muestra puntual<\/strong><\/span>, as\u00ed como <span style=\"color: #000000;\"><strong>muestras integradas<\/strong><\/span> y <span style=\"color: #000000;\"><strong>muestras compuestas en funci\u00f3n del caudal<\/strong><\/span> durante periodos de 24 horas.<\/p>\n<p><img loading=\"lazy\" decoding=\"async\" class=\"aligncenter wp-image-601 size-medium\" title=\"Tomamuestras autom\u00e1tico instalado para dise\u00f1o de EDAR con medici\u00f3n del caudal de agua residual.\" src=\"https:\/\/www.fqedar.com\/wp-content\/uploads\/2020\/01\/03-B-200x300.jpg\" alt=\"Tomamuestras autom\u00e1tico instalado para dise\u00f1o de EDAR con medici\u00f3n del caudal de agua residual.\" width=\"200\" height=\"300\" srcset=\"https:\/\/www.fqedar.com\/wp-content\/uploads\/2020\/01\/03-B-200x300.jpg 200w, https:\/\/www.fqedar.com\/wp-content\/uploads\/2020\/01\/03-B-683x1024.jpg 683w, https:\/\/www.fqedar.com\/wp-content\/uploads\/2020\/01\/03-B-768x1152.jpg 768w, https:\/\/www.fqedar.com\/wp-content\/uploads\/2020\/01\/03-B-1024x1536.jpg 1024w, https:\/\/www.fqedar.com\/wp-content\/uploads\/2020\/01\/03-B-1365x2048.jpg 1365w, https:\/\/www.fqedar.com\/wp-content\/uploads\/2020\/01\/03-B-750x1125.jpg 750w, https:\/\/www.fqedar.com\/wp-content\/uploads\/2020\/01\/03-B-400x600.jpg 400w, https:\/\/www.fqedar.com\/wp-content\/uploads\/2020\/01\/03-B-430x645.jpg 430w, https:\/\/www.fqedar.com\/wp-content\/uploads\/2020\/01\/03-B-150x225.jpg 150w, https:\/\/www.fqedar.com\/wp-content\/uploads\/2020\/01\/03-B-100x150.jpg 100w, https:\/\/www.fqedar.com\/wp-content\/uploads\/2020\/01\/03-B-scaled.jpg 1707w\" sizes=\"auto, (max-width: 200px) 100vw, 200px\" \/><\/p>\n<p style=\"text-align: justify;\">Igualmente, realizamos <span style=\"color: #000000;\"><strong>formaci\u00f3n espec\u00edfica para la correcta toma de muestra<\/strong><\/span> en funci\u00f3n de las necesidades que se requieran evitando as\u00ed la presencia de interferencias o par\u00e1metros no deseados e\/o incorrectos.<\/p>\n<p><img loading=\"lazy\" decoding=\"async\" class=\"aligncenter wp-image-600 size-medium\" title=\"Formaci\u00f3n pr\u00e1ctica en la selecci\u00f3n \u00f3ptima del tipo de muestreo y t\u00e9cnicas para EDAR.\" src=\"https:\/\/www.fqedar.com\/wp-content\/uploads\/2020\/01\/03-A-300x200.jpg\" alt=\"Formaci\u00f3n pr\u00e1ctica en la selecci\u00f3n \u00f3ptima del tipo de muestreo y t\u00e9cnicas para EDAR.\" width=\"300\" height=\"200\" srcset=\"https:\/\/www.fqedar.com\/wp-content\/uploads\/2020\/01\/03-A-300x200.jpg 300w, https:\/\/www.fqedar.com\/wp-content\/uploads\/2020\/01\/03-A-1024x683.jpg 1024w, https:\/\/www.fqedar.com\/wp-content\/uploads\/2020\/01\/03-A-768x512.jpg 768w, https:\/\/www.fqedar.com\/wp-content\/uploads\/2020\/01\/03-A-1536x1024.jpg 1536w, https:\/\/www.fqedar.com\/wp-content\/uploads\/2020\/01\/03-A-750x500.jpg 750w, https:\/\/www.fqedar.com\/wp-content\/uploads\/2020\/01\/03-A-400x267.jpg 400w, https:\/\/www.fqedar.com\/wp-content\/uploads\/2020\/01\/03-A-430x287.jpg 430w, https:\/\/www.fqedar.com\/wp-content\/uploads\/2020\/01\/03-A-150x100.jpg 150w, https:\/\/www.fqedar.com\/wp-content\/uploads\/2020\/01\/03-A-100x67.jpg 100w, https:\/\/www.fqedar.com\/wp-content\/uploads\/2020\/01\/03-A-272x182.jpg 272w, https:\/\/www.fqedar.com\/wp-content\/uploads\/2020\/01\/03-A.jpg 1920w\" sizes=\"auto, (max-width: 300px) 100vw, 300px\" \/><\/p>\n\n\n<p><\/p>\n","protected":false},"excerpt":{"rendered":"<p>Para la simulaci\u00f3n y dise\u00f1o de EDAR, tanto urbana como industrial, as\u00ed como para una correcta optimizaci\u00f3n y control de proceso es tanto o m\u00e1s importante que la realizaci\u00f3n de las determinaciones fisicoqu\u00edmicos pertinentes el efectuar una correcta toma de muestras. La correcta toma de muestra nos asegura la representatividad [&hellip;]<\/p>\n","protected":false},"author":1,"featured_media":0,"parent":10,"menu_order":10,"comment_status":"closed","ping_status":"closed","template":"","meta":{"footnotes":""},"class_list":["post-448","page","type-page","status-publish","hentry"],"_links":{"self":[{"href":"https:\/\/www.fqedar.com\/index.php?rest_route=\/wp\/v2\/pages\/448","targetHints":{"allow":["GET"]}}],"collection":[{"href":"https:\/\/www.fqedar.com\/index.php?rest_route=\/wp\/v2\/pages"}],"about":[{"href":"https:\/\/www.fqedar.com\/index.php?rest_route=\/wp\/v2\/types\/page"}],"author":[{"embeddable":true,"href":"https:\/\/www.fqedar.com\/index.php?rest_route=\/wp\/v2\/users\/1"}],"replies":[{"embeddable":true,"href":"https:\/\/www.fqedar.com\/index.php?rest_route=%2Fwp%2Fv2%2Fcomments&post=448"}],"version-history":[{"count":12,"href":"https:\/\/www.fqedar.com\/index.php?rest_route=\/wp\/v2\/pages\/448\/revisions"}],"predecessor-version":[{"id":605,"href":"https:\/\/www.fqedar.com\/index.php?rest_route=\/wp\/v2\/pages\/448\/revisions\/605"}],"up":[{"embeddable":true,"href":"https:\/\/www.fqedar.com\/index.php?rest_route=\/wp\/v2\/pages\/10"}],"wp:attachment":[{"href":"https:\/\/www.fqedar.com\/index.php?rest_route=%2Fwp%2Fv2%2Fmedia&parent=448"}],"curies":[{"name":"wp","href":"https:\/\/api.w.org\/{rel}","templated":true}]}}