{"id":450,"date":"2020-01-05T23:30:35","date_gmt":"2020-01-05T23:30:35","guid":{"rendered":"http:\/\/www.fqedar.com\/?page_id=450"},"modified":"2020-01-28T23:53:15","modified_gmt":"2020-01-28T23:53:15","slug":"determinacion-de-mhea","status":"publish","type":"page","link":"https:\/\/www.fqedar.com\/?page_id=450","title":{"rendered":"Determinaci\u00f3n de MHEA"},"content":{"rendered":"<p style=\"text-align: justify;\">El objetivo es la investigaci\u00f3n y el desarrollo de nuevos m\u00e9todos de control de la calidad de las aguas residuales mediante la realizaci\u00f3n de <strong><span style=\"color: #000000;\">estudios enzim\u00e1ticos que permitan mejorar notablemente los procesos de depuraci\u00f3n de las aguas residuales<\/span><\/strong>, gener\u00e1ndose de esta forma un agua depurada de gran calidad.<\/p>\n<p style=\"text-align: justify;\">Para el control de las actividades exoenzim\u00e1ticas del fango activo se realizan estudios previos de caracterizaci\u00f3n tanto del fango activo como del agua residual afluente a los reactores biol\u00f3gicos estableciendo muestras primarias para caracterizar la evoluci\u00f3n en la degradaci\u00f3n de sustratos enzim\u00e1ticos espec\u00edficos.<\/p>\n<p><img loading=\"lazy\" decoding=\"async\" class=\"aligncenter wp-image-610 size-medium\" title=\"Determinadas prote\u00ednas producen la actividad enzim\u00e1ticas en fangos activos.\" src=\"https:\/\/www.fqedar.com\/wp-content\/uploads\/2020\/01\/05-1-300x116.jpg\" alt=\"Determinadas prote\u00ednas producen la actividad enzim\u00e1ticas en fangos activos.\" width=\"300\" height=\"116\" srcset=\"https:\/\/www.fqedar.com\/wp-content\/uploads\/2020\/01\/05-1-300x116.jpg 300w, https:\/\/www.fqedar.com\/wp-content\/uploads\/2020\/01\/05-1-1024x397.jpg 1024w, https:\/\/www.fqedar.com\/wp-content\/uploads\/2020\/01\/05-1-768x298.jpg 768w, https:\/\/www.fqedar.com\/wp-content\/uploads\/2020\/01\/05-1-1536x596.jpg 1536w, https:\/\/www.fqedar.com\/wp-content\/uploads\/2020\/01\/05-1-750x291.jpg 750w, https:\/\/www.fqedar.com\/wp-content\/uploads\/2020\/01\/05-1-400x155.jpg 400w, https:\/\/www.fqedar.com\/wp-content\/uploads\/2020\/01\/05-1-430x167.jpg 430w, https:\/\/www.fqedar.com\/wp-content\/uploads\/2020\/01\/05-1-150x58.jpg 150w, https:\/\/www.fqedar.com\/wp-content\/uploads\/2020\/01\/05-1-100x39.jpg 100w, https:\/\/www.fqedar.com\/wp-content\/uploads\/2020\/01\/05-1.jpg 1920w\" sizes=\"auto, (max-width: 300px) 100vw, 300px\" \/><\/p>\n<p style=\"text-align: justify;\">Globalmente, se determina <strong><span style=\"color: #000000;\">la actividad enzim\u00e1tica de degradaci\u00f3n de carbohidratos\/az\u00facares, la actividad enzim\u00e1tica de degradaci\u00f3n de grasas, la actividad enzim\u00e1tica de degradaci\u00f3n de prote\u00ednas, la actividad enzim\u00e1tica de obtenci\u00f3n de energ\u00eda y la actividad respiratoria del fango para la reducci\u00f3n de sustratos<\/span><\/strong>.<\/p>\n<p style=\"text-align: justify;\">Mediante los resultados obtenidos y los par\u00e1metros fisicoqu\u00edmicos del agua residual afluente, se correlaciona comparativamente la actividad asociada a la degradaci\u00f3n de cada uno de los sustratos con lo que se puede <span style=\"color: #000000;\"><strong>dirigir la operatividad del reactor biol\u00f3gico en el camino \u00f3ptimo de depuraci\u00f3n<\/strong><\/span>.<\/p>\n","protected":false},"excerpt":{"rendered":"<p>El objetivo es la investigaci\u00f3n y el desarrollo de nuevos m\u00e9todos de control de la calidad de las aguas residuales mediante la realizaci\u00f3n de estudios enzim\u00e1ticos que permitan mejorar notablemente los procesos de depuraci\u00f3n de las aguas residuales, gener\u00e1ndose de esta forma un agua depurada de gran calidad. Para el [&hellip;]<\/p>\n","protected":false},"author":1,"featured_media":0,"parent":10,"menu_order":5,"comment_status":"closed","ping_status":"closed","template":"","meta":{"footnotes":""},"class_list":["post-450","page","type-page","status-publish","hentry"],"_links":{"self":[{"href":"https:\/\/www.fqedar.com\/index.php?rest_route=\/wp\/v2\/pages\/450","targetHints":{"allow":["GET"]}}],"collection":[{"href":"https:\/\/www.fqedar.com\/index.php?rest_route=\/wp\/v2\/pages"}],"about":[{"href":"https:\/\/www.fqedar.com\/index.php?rest_route=\/wp\/v2\/types\/page"}],"author":[{"embeddable":true,"href":"https:\/\/www.fqedar.com\/index.php?rest_route=\/wp\/v2\/users\/1"}],"replies":[{"embeddable":true,"href":"https:\/\/www.fqedar.com\/index.php?rest_route=%2Fwp%2Fv2%2Fcomments&post=450"}],"version-history":[{"count":4,"href":"https:\/\/www.fqedar.com\/index.php?rest_route=\/wp\/v2\/pages\/450\/revisions"}],"predecessor-version":[{"id":611,"href":"https:\/\/www.fqedar.com\/index.php?rest_route=\/wp\/v2\/pages\/450\/revisions\/611"}],"up":[{"embeddable":true,"href":"https:\/\/www.fqedar.com\/index.php?rest_route=\/wp\/v2\/pages\/10"}],"wp:attachment":[{"href":"https:\/\/www.fqedar.com\/index.php?rest_route=%2Fwp%2Fv2%2Fmedia&parent=450"}],"curies":[{"name":"wp","href":"https:\/\/api.w.org\/{rel}","templated":true}]}}