{"id":454,"date":"2020-01-05T23:31:20","date_gmt":"2020-01-05T23:31:20","guid":{"rendered":"http:\/\/www.fqedar.com\/?page_id=454"},"modified":"2020-03-27T11:00:46","modified_gmt":"2020-03-27T11:00:46","slug":"simulacion-del-proceso-optimo-de-edar","status":"publish","type":"page","link":"https:\/\/www.fqedar.com\/?page_id=454","title":{"rendered":"Simulaci\u00f3n del proceso \u00f3ptimo de EDAR"},"content":{"rendered":"<p style=\"text-align: justify;\">Llevamos a cabo la simulaci\u00f3n de los procesos de depuraci\u00f3n sea cual sea su naturaleza mediante el empleo de software especializado basado en modelo biol\u00f3gico general <span style=\"color: #000000;\"><strong>BNRM2<\/strong><\/span>, (<strong><span style=\"color: #000000;\">Biological Nutrient Removal No. 2<\/span><\/strong>) <sup>(*)<\/sup>, que permite dise\u00f1ar y evaluar esquemas completos de tratamiento tanto de la l\u00ednea de aguas como la l\u00ednea de fangos.<\/p>\n<p><img loading=\"lazy\" decoding=\"async\" class=\"aligncenter wp-image-616 size-large\" title=\"Simulaci\u00f3n de EDAR mediante software de dise\u00f1o DESASS.\" src=\"https:\/\/www.fqedar.com\/wp-content\/uploads\/2020\/01\/08-A-1024x282.png\" alt=\"Simulaci\u00f3n de EDAR mediante software de dise\u00f1o DESASS.\" width=\"1024\" height=\"282\" srcset=\"https:\/\/www.fqedar.com\/wp-content\/uploads\/2020\/01\/08-A-1024x282.png 1024w, https:\/\/www.fqedar.com\/wp-content\/uploads\/2020\/01\/08-A-300x83.png 300w, https:\/\/www.fqedar.com\/wp-content\/uploads\/2020\/01\/08-A-768x212.png 768w, https:\/\/www.fqedar.com\/wp-content\/uploads\/2020\/01\/08-A-750x207.png 750w, https:\/\/www.fqedar.com\/wp-content\/uploads\/2020\/01\/08-A-400x110.png 400w, https:\/\/www.fqedar.com\/wp-content\/uploads\/2020\/01\/08-A-430x118.png 430w, https:\/\/www.fqedar.com\/wp-content\/uploads\/2020\/01\/08-A-150x41.png 150w, https:\/\/www.fqedar.com\/wp-content\/uploads\/2020\/01\/08-A-100x28.png 100w, https:\/\/www.fqedar.com\/wp-content\/uploads\/2020\/01\/08-A.png 1535w\" sizes=\"auto, (max-width: 1024px) 100vw, 1024px\" \/><\/p>\n<p style=\"text-align: justify;\">Para ello empleamos el software <strong>DESASS, (Design and Simulation of Acitvated Sludge Systems)<\/strong>, desarrollado por el grupo de investigaci\u00f3n CalAgua, (Unidad mixta UV-UPV). Con \u00e9l podemos realizar desde el dise\u00f1o, la simulaci\u00f3n y hasta el control de las EDAR y pudiendo conocer un amplio intervalo de condiciones de operaci\u00f3n, controlar las consecuencias de la modificaci\u00f3n de estas condiciones, as\u00ed como realizar estudios de sensibilidad sobre el proceso y comparar m\u00faltiples alternativas.<\/p>\n<p><img loading=\"lazy\" decoding=\"async\" class=\"aligncenter wp-image-617 size-medium\" title=\"Simulaci\u00f3n de EDAR mediante software de dise\u00f1o DESASS.\" src=\"https:\/\/www.fqedar.com\/wp-content\/uploads\/2020\/01\/08-B-282x300.png\" alt=\"Simulaci\u00f3n de EDAR mediante software de dise\u00f1o DESASS.\" width=\"282\" height=\"300\" srcset=\"https:\/\/www.fqedar.com\/wp-content\/uploads\/2020\/01\/08-B-282x300.png 282w, https:\/\/www.fqedar.com\/wp-content\/uploads\/2020\/01\/08-B-400x426.png 400w, https:\/\/www.fqedar.com\/wp-content\/uploads\/2020\/01\/08-B-430x458.png 430w, https:\/\/www.fqedar.com\/wp-content\/uploads\/2020\/01\/08-B-150x160.png 150w, https:\/\/www.fqedar.com\/wp-content\/uploads\/2020\/01\/08-B-100x106.png 100w, https:\/\/www.fqedar.com\/wp-content\/uploads\/2020\/01\/08-B.png 546w\" sizes=\"auto, (max-width: 282px) 100vw, 282px\" \/><\/p>\n<p style=\"text-align: justify;\"><span style=\"color: #808080;\"><sup>(*)<\/sup> Barat R., Serralta J., Ruano M.V., Jim\u00e9nez E., Ribes J., Seco A., Ferrer J. <em>Biological Nutrient Removal Model No. 2 (BNRM2): a general model for wastewater treatment plants.<\/em> Water Science and Technology. 2013. 67 (7). 1481-1489. <a href=\"https:\/\/doi.org\/10.2166\/wst.2013.004\" target=\"_blank\" rel=\"noopener noreferrer\">https:\/\/doi.org\/10.2166\/wst.2013.004<\/a><\/span><\/p>\n","protected":false},"excerpt":{"rendered":"<p>Llevamos a cabo la simulaci\u00f3n de los procesos de depuraci\u00f3n sea cual sea su naturaleza mediante el empleo de software especializado basado en modelo biol\u00f3gico general BNRM2, (Biological Nutrient Removal No. 2) (*), que permite dise\u00f1ar y evaluar esquemas completos de tratamiento tanto de la l\u00ednea de aguas como la [&hellip;]<\/p>\n","protected":false},"author":1,"featured_media":0,"parent":10,"menu_order":12,"comment_status":"closed","ping_status":"closed","template":"","meta":{"footnotes":""},"class_list":["post-454","page","type-page","status-publish","hentry"],"_links":{"self":[{"href":"https:\/\/www.fqedar.com\/index.php?rest_route=\/wp\/v2\/pages\/454","targetHints":{"allow":["GET"]}}],"collection":[{"href":"https:\/\/www.fqedar.com\/index.php?rest_route=\/wp\/v2\/pages"}],"about":[{"href":"https:\/\/www.fqedar.com\/index.php?rest_route=\/wp\/v2\/types\/page"}],"author":[{"embeddable":true,"href":"https:\/\/www.fqedar.com\/index.php?rest_route=\/wp\/v2\/users\/1"}],"replies":[{"embeddable":true,"href":"https:\/\/www.fqedar.com\/index.php?rest_route=%2Fwp%2Fv2%2Fcomments&post=454"}],"version-history":[{"count":12,"href":"https:\/\/www.fqedar.com\/index.php?rest_route=\/wp\/v2\/pages\/454\/revisions"}],"predecessor-version":[{"id":879,"href":"https:\/\/www.fqedar.com\/index.php?rest_route=\/wp\/v2\/pages\/454\/revisions\/879"}],"up":[{"embeddable":true,"href":"https:\/\/www.fqedar.com\/index.php?rest_route=\/wp\/v2\/pages\/10"}],"wp:attachment":[{"href":"https:\/\/www.fqedar.com\/index.php?rest_route=%2Fwp%2Fv2%2Fmedia&parent=454"}],"curies":[{"name":"wp","href":"https:\/\/api.w.org\/{rel}","templated":true}]}}