{"id":456,"date":"2020-01-05T23:31:41","date_gmt":"2020-01-05T23:31:41","guid":{"rendered":"http:\/\/www.fqedar.com\/?page_id=456"},"modified":"2020-01-28T23:53:09","modified_gmt":"2020-01-28T23:53:09","slug":"asistencias-personalizadas-a-plantas-depuradoras-e-industrias","status":"publish","type":"page","link":"https:\/\/www.fqedar.com\/?page_id=456","title":{"rendered":"Asistencias personalizadas a plantas depuradoras e industrias"},"content":{"rendered":"<p style=\"text-align: justify;\">Para mejorar un proceso de depuraci\u00f3n y optimizarlo lo esencial es <span style=\"color: #000000;\"><strong>conocer el propio proceso<\/strong><\/span>, as\u00ed como <span style=\"color: #000000;\"><strong>conocer los elementos que lo componen<\/strong><\/span> y la distribuci\u00f3n a lo largo de la estaci\u00f3n de tratamiento.<\/p>\n<p style=\"text-align: justify;\">Hay que conocer la EDAR o la ETAP m\u00e1s all\u00e1 de los datos fisicoqu\u00edmicos aportados o analizados o las simples observaciones al microscopio.<\/p>\n<p><img loading=\"lazy\" decoding=\"async\" class=\"aligncenter wp-image-626 size-medium\" title=\"Asistencia y asesoramiento in situ en plantas EDAR, PTAR, puntos de vertido y puntos de control.\" src=\"https:\/\/www.fqedar.com\/wp-content\/uploads\/2020\/01\/10-B-300x200.jpg\" alt=\"Asistencia y asesoramiento in situ en plantas EDAR, PTAR, puntos de vertido y puntos de control.\" width=\"300\" height=\"200\" srcset=\"https:\/\/www.fqedar.com\/wp-content\/uploads\/2020\/01\/10-B-300x200.jpg 300w, https:\/\/www.fqedar.com\/wp-content\/uploads\/2020\/01\/10-B-1024x682.jpg 1024w, https:\/\/www.fqedar.com\/wp-content\/uploads\/2020\/01\/10-B-768x512.jpg 768w, https:\/\/www.fqedar.com\/wp-content\/uploads\/2020\/01\/10-B-1536x1023.jpg 1536w, https:\/\/www.fqedar.com\/wp-content\/uploads\/2020\/01\/10-B-750x500.jpg 750w, https:\/\/www.fqedar.com\/wp-content\/uploads\/2020\/01\/10-B-400x267.jpg 400w, https:\/\/www.fqedar.com\/wp-content\/uploads\/2020\/01\/10-B-430x286.jpg 430w, https:\/\/www.fqedar.com\/wp-content\/uploads\/2020\/01\/10-B-150x100.jpg 150w, https:\/\/www.fqedar.com\/wp-content\/uploads\/2020\/01\/10-B-100x67.jpg 100w, https:\/\/www.fqedar.com\/wp-content\/uploads\/2020\/01\/10-B-272x182.jpg 272w, https:\/\/www.fqedar.com\/wp-content\/uploads\/2020\/01\/10-B.jpg 1600w\" sizes=\"auto, (max-width: 300px) 100vw, 300px\" \/><\/p>\n<p style=\"text-align: justify;\">Es por ello, que <span style=\"color: #000000;\"><strong>desde 2014 realizamos asistencias t\u00e9cnicas, asesoramientos y visitas a plantas<\/strong><\/span> ya instaladas as\u00ed como en construcci\u00f3n o futuros emplazamientos de las mismas.<\/p>\n<p style=\"text-align: justify;\">Las observaciones y conclusiones que se extraen de una visita <em>in situ<\/em> a la propia estaci\u00f3n, junto con los datos fisicoqu\u00edmicos aportados por la empresa o realizados por nosotros mismos y las observaciones al microscopio, nos ayudan a <span style=\"color: #000000;\"><strong>emitir un informe m\u00e1s detallado, completo y exaustivo sobre el estado del tratamiento as\u00ed como las posibilidades de optimizarlos y las recomendaciones a corto, medio y largo plazo<\/strong><\/span>.<\/p>\n<p><img loading=\"lazy\" decoding=\"async\" class=\"aligncenter wp-image-625 size-medium\" title=\"La finalidad de nuestras asistencias in situ a plantas EDAR es la de obtener un agua residual de vertido \u00f3ptimo.\" src=\"https:\/\/www.fqedar.com\/wp-content\/uploads\/2020\/01\/10-A-300x200.jpg\" alt=\"La finalidad de nuestras asistencias in situ a plantas EDAR es la de obtener un agua residual de vertido \u00f3ptimo.\" width=\"300\" height=\"200\" srcset=\"https:\/\/www.fqedar.com\/wp-content\/uploads\/2020\/01\/10-A-300x200.jpg 300w, https:\/\/www.fqedar.com\/wp-content\/uploads\/2020\/01\/10-A-1024x682.jpg 1024w, https:\/\/www.fqedar.com\/wp-content\/uploads\/2020\/01\/10-A-768x512.jpg 768w, https:\/\/www.fqedar.com\/wp-content\/uploads\/2020\/01\/10-A-1536x1023.jpg 1536w, https:\/\/www.fqedar.com\/wp-content\/uploads\/2020\/01\/10-A-750x500.jpg 750w, https:\/\/www.fqedar.com\/wp-content\/uploads\/2020\/01\/10-A-400x267.jpg 400w, https:\/\/www.fqedar.com\/wp-content\/uploads\/2020\/01\/10-A-430x286.jpg 430w, https:\/\/www.fqedar.com\/wp-content\/uploads\/2020\/01\/10-A-150x100.jpg 150w, https:\/\/www.fqedar.com\/wp-content\/uploads\/2020\/01\/10-A-100x67.jpg 100w, https:\/\/www.fqedar.com\/wp-content\/uploads\/2020\/01\/10-A-272x182.jpg 272w, https:\/\/www.fqedar.com\/wp-content\/uploads\/2020\/01\/10-A.jpg 1600w\" sizes=\"auto, (max-width: 300px) 100vw, 300px\" \/><\/p>\n","protected":false},"excerpt":{"rendered":"<p>Para mejorar un proceso de depuraci\u00f3n y optimizarlo lo esencial es conocer el propio proceso, as\u00ed como conocer los elementos que lo componen y la distribuci\u00f3n a lo largo de la estaci\u00f3n de tratamiento. Hay que conocer la EDAR o la ETAP m\u00e1s all\u00e1 de los datos fisicoqu\u00edmicos aportados o [&hellip;]<\/p>\n","protected":false},"author":1,"featured_media":0,"parent":10,"menu_order":4,"comment_status":"closed","ping_status":"closed","template":"","meta":{"footnotes":""},"class_list":["post-456","page","type-page","status-publish","hentry"],"_links":{"self":[{"href":"https:\/\/www.fqedar.com\/index.php?rest_route=\/wp\/v2\/pages\/456","targetHints":{"allow":["GET"]}}],"collection":[{"href":"https:\/\/www.fqedar.com\/index.php?rest_route=\/wp\/v2\/pages"}],"about":[{"href":"https:\/\/www.fqedar.com\/index.php?rest_route=\/wp\/v2\/types\/page"}],"author":[{"embeddable":true,"href":"https:\/\/www.fqedar.com\/index.php?rest_route=\/wp\/v2\/users\/1"}],"replies":[{"embeddable":true,"href":"https:\/\/www.fqedar.com\/index.php?rest_route=%2Fwp%2Fv2%2Fcomments&post=456"}],"version-history":[{"count":5,"href":"https:\/\/www.fqedar.com\/index.php?rest_route=\/wp\/v2\/pages\/456\/revisions"}],"predecessor-version":[{"id":627,"href":"https:\/\/www.fqedar.com\/index.php?rest_route=\/wp\/v2\/pages\/456\/revisions\/627"}],"up":[{"embeddable":true,"href":"https:\/\/www.fqedar.com\/index.php?rest_route=\/wp\/v2\/pages\/10"}],"wp:attachment":[{"href":"https:\/\/www.fqedar.com\/index.php?rest_route=%2Fwp%2Fv2%2Fmedia&parent=456"}],"curies":[{"name":"wp","href":"https:\/\/api.w.org\/{rel}","templated":true}]}}