{"id":662,"date":"2020-01-28T23:49:20","date_gmt":"2020-01-28T23:49:20","guid":{"rendered":"https:\/\/www.fqedar.com\/?page_id=662"},"modified":"2020-02-03T23:10:01","modified_gmt":"2020-02-03T23:10:01","slug":"programas-de-idi","status":"publish","type":"page","link":"https:\/\/www.fqedar.com\/?page_id=662","title":{"rendered":"Programas de I+D+i"},"content":{"rendered":"<p style=\"text-align: justify;\">Desde Fisicoqu\u00edmicos EDAR participamos en <strong>Programas de I+D+i dirigidos tanto en entidades p\u00fablicas como en empresas privadas<\/strong> participando conjuntamente en las licitaciones.<\/p>\n<p><img loading=\"lazy\" decoding=\"async\" class=\"aligncenter wp-image-694 size-medium\" title=\"Programas y proyectos de I+D+i.\" src=\"https:\/\/www.fqedar.com\/wp-content\/uploads\/2020\/02\/01idi-300x199.jpg\" alt=\"Programas y proyectos de I+D+i.\" width=\"300\" height=\"199\" srcset=\"https:\/\/www.fqedar.com\/wp-content\/uploads\/2020\/02\/01idi-300x199.jpg 300w, https:\/\/www.fqedar.com\/wp-content\/uploads\/2020\/02\/01idi-1024x678.jpg 1024w, https:\/\/www.fqedar.com\/wp-content\/uploads\/2020\/02\/01idi-768x508.jpg 768w, https:\/\/www.fqedar.com\/wp-content\/uploads\/2020\/02\/01idi-750x496.jpg 750w, https:\/\/www.fqedar.com\/wp-content\/uploads\/2020\/02\/01idi-400x265.jpg 400w, https:\/\/www.fqedar.com\/wp-content\/uploads\/2020\/02\/01idi-430x285.jpg 430w, https:\/\/www.fqedar.com\/wp-content\/uploads\/2020\/02\/01idi-150x99.jpg 150w, https:\/\/www.fqedar.com\/wp-content\/uploads\/2020\/02\/01idi-100x66.jpg 100w, https:\/\/www.fqedar.com\/wp-content\/uploads\/2020\/02\/01idi.jpg 1280w\" sizes=\"auto, (max-width: 300px) 100vw, 300px\" \/><\/p>\n<p style=\"text-align: justify;\">Presentamos toda la documentaci\u00f3n pertinente del desarrollo de nuestra investigaci\u00f3n con la inclusi\u00f3n de las <strong>actuaciones de optimizaci\u00f3n y mejora de los procesos<\/strong>, instalaciones y pautas de trabajo que aseguran y aumentan los rendimientos de depuraci\u00f3n relacionados con el proyecto en concreto.<\/p>\n<p><img loading=\"lazy\" decoding=\"async\" class=\"aligncenter wp-image-696 size-medium\" title=\"Programas y proyectos de I+D+i.\" src=\"https:\/\/www.fqedar.com\/wp-content\/uploads\/2020\/02\/03idi-300x225.jpg\" alt=\"Programas y proyectos de I+D+i.\" width=\"300\" height=\"225\" srcset=\"https:\/\/www.fqedar.com\/wp-content\/uploads\/2020\/02\/03idi-300x225.jpg 300w, https:\/\/www.fqedar.com\/wp-content\/uploads\/2020\/02\/03idi-1024x767.jpg 1024w, https:\/\/www.fqedar.com\/wp-content\/uploads\/2020\/02\/03idi-768x576.jpg 768w, https:\/\/www.fqedar.com\/wp-content\/uploads\/2020\/02\/03idi-1536x1151.jpg 1536w, https:\/\/www.fqedar.com\/wp-content\/uploads\/2020\/02\/03idi-750x562.jpg 750w, https:\/\/www.fqedar.com\/wp-content\/uploads\/2020\/02\/03idi-400x300.jpg 400w, https:\/\/www.fqedar.com\/wp-content\/uploads\/2020\/02\/03idi-430x322.jpg 430w, https:\/\/www.fqedar.com\/wp-content\/uploads\/2020\/02\/03idi-150x112.jpg 150w, https:\/\/www.fqedar.com\/wp-content\/uploads\/2020\/02\/03idi-100x75.jpg 100w, https:\/\/www.fqedar.com\/wp-content\/uploads\/2020\/02\/03idi.jpg 1936w\" sizes=\"auto, (max-width: 300px) 100vw, 300px\" \/><\/p>\n<p style=\"text-align: justify;\">El objetivo general de nuestros proyectos es la <strong>investigaci\u00f3n y el desarrollo de nuevos m\u00e9todos de control de la calidad de las aguas residuales<\/strong> mediante la realizaci\u00f3n de diferentes estudios con la finalidad de establecer nuevas t\u00e9cnicas que permitan mejorar notablemente los procesos de depuraci\u00f3n de las aguas residuales, gener\u00e1ndose de esta forma un <strong>agua depurada de gran calidad<\/strong>.<\/p>\n<p><img loading=\"lazy\" decoding=\"async\" class=\"aligncenter wp-image-695 size-medium\" title=\"Programas y proyectos de I+D+i.\" src=\"https:\/\/www.fqedar.com\/wp-content\/uploads\/2020\/02\/02idi-300x200.jpg\" alt=\"Programas y proyectos de I+D+i.\" width=\"300\" height=\"200\" srcset=\"https:\/\/www.fqedar.com\/wp-content\/uploads\/2020\/02\/02idi-300x200.jpg 300w, https:\/\/www.fqedar.com\/wp-content\/uploads\/2020\/02\/02idi-1024x682.jpg 1024w, https:\/\/www.fqedar.com\/wp-content\/uploads\/2020\/02\/02idi-768x511.jpg 768w, https:\/\/www.fqedar.com\/wp-content\/uploads\/2020\/02\/02idi-1536x1023.jpg 1536w, https:\/\/www.fqedar.com\/wp-content\/uploads\/2020\/02\/02idi-750x499.jpg 750w, https:\/\/www.fqedar.com\/wp-content\/uploads\/2020\/02\/02idi-400x266.jpg 400w, https:\/\/www.fqedar.com\/wp-content\/uploads\/2020\/02\/02idi-430x286.jpg 430w, https:\/\/www.fqedar.com\/wp-content\/uploads\/2020\/02\/02idi-150x100.jpg 150w, https:\/\/www.fqedar.com\/wp-content\/uploads\/2020\/02\/02idi-100x67.jpg 100w, https:\/\/www.fqedar.com\/wp-content\/uploads\/2020\/02\/02idi-272x182.jpg 272w, https:\/\/www.fqedar.com\/wp-content\/uploads\/2020\/02\/02idi.jpg 1951w\" sizes=\"auto, (max-width: 300px) 100vw, 300px\" \/><\/p>\n","protected":false},"excerpt":{"rendered":"<p>Desde Fisicoqu\u00edmicos EDAR participamos en Programas de I+D+i dirigidos tanto en entidades p\u00fablicas como en empresas privadas participando conjuntamente en las licitaciones. Presentamos toda la documentaci\u00f3n pertinente del desarrollo de nuestra investigaci\u00f3n con la inclusi\u00f3n de las actuaciones de optimizaci\u00f3n y mejora de los procesos, instalaciones y pautas de trabajo [&hellip;]<\/p>\n","protected":false},"author":1,"featured_media":0,"parent":10,"menu_order":11,"comment_status":"closed","ping_status":"closed","template":"","meta":{"footnotes":""},"class_list":["post-662","page","type-page","status-publish","hentry"],"_links":{"self":[{"href":"https:\/\/www.fqedar.com\/index.php?rest_route=\/wp\/v2\/pages\/662","targetHints":{"allow":["GET"]}}],"collection":[{"href":"https:\/\/www.fqedar.com\/index.php?rest_route=\/wp\/v2\/pages"}],"about":[{"href":"https:\/\/www.fqedar.com\/index.php?rest_route=\/wp\/v2\/types\/page"}],"author":[{"embeddable":true,"href":"https:\/\/www.fqedar.com\/index.php?rest_route=\/wp\/v2\/users\/1"}],"replies":[{"embeddable":true,"href":"https:\/\/www.fqedar.com\/index.php?rest_route=%2Fwp%2Fv2%2Fcomments&post=662"}],"version-history":[{"count":5,"href":"https:\/\/www.fqedar.com\/index.php?rest_route=\/wp\/v2\/pages\/662\/revisions"}],"predecessor-version":[{"id":699,"href":"https:\/\/www.fqedar.com\/index.php?rest_route=\/wp\/v2\/pages\/662\/revisions\/699"}],"up":[{"embeddable":true,"href":"https:\/\/www.fqedar.com\/index.php?rest_route=\/wp\/v2\/pages\/10"}],"wp:attachment":[{"href":"https:\/\/www.fqedar.com\/index.php?rest_route=%2Fwp%2Fv2%2Fmedia&parent=662"}],"curies":[{"name":"wp","href":"https:\/\/api.w.org\/{rel}","templated":true}]}}